{"id":1645,"date":"2021-08-18T20:24:08","date_gmt":"2021-08-18T20:24:08","guid":{"rendered":"http:\/\/magicgamesbolivia.com\/?post_type=product&#038;p=1645"},"modified":"2026-01-07T17:22:18","modified_gmt":"2026-01-07T17:22:18","slug":"mazescape-ariadne","status":"publish","type":"product","link":"https:\/\/magicgamesbolivia.com\/index.php\/product\/mazescape-ariadne\/","title":{"rendered":"Mazescape \u2013 Ariadne"},"content":{"rendered":"<p><strong>Mazescape<\/strong>\u00a0es un fascinante e intrigante juego de laberintos para un jugador que garantiza intensos momentos de desgarro cerebral mientras buscas la salida.\u00a0Es un juego que puedes llevar a cualquier parte y jugar una y otra vez para descubrir todos los diferentes rincones y recovecos de los siete mapas incluidos.<\/p>\n<p>Es un concepto completamente \u00fanico que promete sorprender por igual y crear dolores de cabeza en igual medida.\u00a0En este juego, desplegar\u00e1s un mapa sobre la mesa, donde comenzar\u00e1s en la rosa de los vientos con el puntero que encontrar\u00e1s en la caja, movi\u00e9ndolo por los caminos laber\u00ednticos marcados en blanco sin ni siquiera levantarlo del mapa. . Tendr\u00e1s que abrir y cerrar diferentes partes del mapa en busca del Tri\u00e1ngulo Imposible que te permitir\u00e1 escapar del laberinto.\u00a0Puedes pasar por debajo de los puentes, subir escaleras y correr en c\u00edrculos en el laberinto y en tu propia cabeza hasta que la salida finalmente te lleve al\u2026 \u00a1el siguiente mapa!<\/p>\n","protected":false},"excerpt":{"rendered":"<p><strong>Mazescape Ariadne<\/strong>\u00a0te ubica en la antigua Creta de leyenda, donde debes ingresar al famoso laberinto de D\u00e9dalo.\u00a0Puedes confiar \u00fanicamente en tu ingenio para superar las pruebas que ofrece esta caja de mapas, para alcanzar el desaf\u00edo final contra el minotauro y ayudar a Ariadne a escapar.\u00a0Y cuando hayas salido por primera vez, entonces podr\u00e1s atreverte a volver a entrar y encontrar todos los tesoros escondidos que existen en el maldito laberinto.<\/p>\n<div class=\"atributo col-md-4 col-sm-4 col-xs-4\">Cantidad de Jugadores 1<\/div>\n<div class=\"atributo col-md-4 col-sm-4 col-xs-4\">Tiempo de Juego 5-90<\/div>\n<div class=\"atributo col-md-4 col-sm-4 col-xs-4\">Edad recomendada 8<\/div>\n","protected":false},"featured_media":1646,"comment_status":"open","ping_status":"closed","template":"","meta":{"_themeisle_gutenberg_block_has_review":false},"product_brand":[],"product_cat":[29,30],"product_tag":[31,155,179],"class_list":{"0":"post-1645","1":"product","2":"type-product","3":"status-publish","4":"has-post-thumbnail","6":"product_cat-juegos-de-mesa","7":"product_cat-devir","8":"product_tag-devir","9":"product_tag-juegosdemesa","10":"product_tag-mazescape","12":"first","13":"outofstock","14":"shipping-taxable","15":"purchasable","16":"product-type-simple"},"_links":{"self":[{"href":"https:\/\/magicgamesbolivia.com\/index.php\/wp-json\/wp\/v2\/product\/1645","targetHints":{"allow":["GET"]}}],"collection":[{"href":"https:\/\/magicgamesbolivia.com\/index.php\/wp-json\/wp\/v2\/product"}],"about":[{"href":"https:\/\/magicgamesbolivia.com\/index.php\/wp-json\/wp\/v2\/types\/product"}],"replies":[{"embeddable":true,"href":"https:\/\/magicgamesbolivia.com\/index.php\/wp-json\/wp\/v2\/comments?post=1645"}],"version-history":[{"count":1,"href":"https:\/\/magicgamesbolivia.com\/index.php\/wp-json\/wp\/v2\/product\/1645\/revisions"}],"predecessor-version":[{"id":1647,"href":"https:\/\/magicgamesbolivia.com\/index.php\/wp-json\/wp\/v2\/product\/1645\/revisions\/1647"}],"wp:featuredmedia":[{"embeddable":true,"href":"https:\/\/magicgamesbolivia.com\/index.php\/wp-json\/wp\/v2\/media\/1646"}],"wp:attachment":[{"href":"https:\/\/magicgamesbolivia.com\/index.php\/wp-json\/wp\/v2\/media?parent=1645"}],"wp:term":[{"taxonomy":"product_brand","embeddable":true,"href":"https:\/\/magicgamesbolivia.com\/index.php\/wp-json\/wp\/v2\/product_brand?post=1645"},{"taxonomy":"product_cat","embeddable":true,"href":"https:\/\/magicgamesbolivia.com\/index.php\/wp-json\/wp\/v2\/product_cat?post=1645"},{"taxonomy":"product_tag","embeddable":true,"href":"https:\/\/magicgamesbolivia.com\/index.php\/wp-json\/wp\/v2\/product_tag?post=1645"}],"curies":[{"name":"wp","href":"https:\/\/api.w.org\/{rel}","templated":true}]}}