{"id":1639,"date":"2021-08-18T20:05:49","date_gmt":"2021-08-18T20:05:49","guid":{"rendered":"http:\/\/magicgamesbolivia.com\/?post_type=product&#038;p=1639"},"modified":"2024-11-06T20:43:01","modified_gmt":"2024-11-06T20:43:01","slug":"ganges","status":"publish","type":"product","link":"https:\/\/magicgamesbolivia.com\/index.php\/product\/ganges\/","title":{"rendered":"GANGES"},"content":{"rendered":"<p>Estamos en la India del ambicioso Imperio mogol, una \u00e9poca de grandes conquistas de territorio y de gran prosperidad derivada del comercio de la seda, el t\u00e9 y las especias. Un per\u00edodo en el que se construyen edificios imponentes como el Taj Mahal y el Fuerte Rojo, y en el que se crean jardines magn\u00edficos junto a los nuevos edificios y parques que impresionar\u00e1n a las generaciones venideras durante siglos y siglos. En este momento en que el imperio casi ha alcanzado su mayor extensi\u00f3n y goza de una relativa estabilidad, los jugadores representan a los raj\u00e1s y las ranis que lo gobiernan. Est\u00e1n llamados a cumplir con las exigencias de su papel como soberanos venerables, deseosos de ofrecer un destino rico y poderoso a sus tierras y s\u00fabditos. Para ello, sin olvidar el karma, deben conseguir que su provincia crezca de manera equilibrada y sostenida, con una exigente interacci\u00f3n de prestigio y prosperidad. Aqu\u00e9l que triunfe de manera m\u00e1s rotunda en esta misi\u00f3n ser\u00e1 recordado, sin duda alguna, como uno de los l\u00edderes legendarios de la naci\u00f3n.<\/p>\n","protected":false},"excerpt":{"rendered":"<p>Estamos en la India del ambicioso Imperio mogol, una \u00e9poca de grandes conquistas de territorio y de gran prosperidad derivada del comercio de la seda, el t\u00e9 y las especias.<\/p>\n<div class=\"atributo col-md-4 col-sm-4 col-xs-4\">Cantidad de Jugadores 2-5<\/div>\n<div class=\"atributo col-md-4 col-sm-4 col-xs-4\">Tiempo de Juego 45-75<\/div>\n<div class=\"atributo col-md-4 col-sm-4 col-xs-4\">Edad recomendada 12<\/div>\n","protected":false},"featured_media":1643,"comment_status":"open","ping_status":"closed","template":"","meta":{"_themeisle_gutenberg_block_has_review":false},"product_brand":[],"product_cat":[29,30],"product_tag":[31,178,155],"class_list":{"0":"post-1639","1":"product","2":"type-product","3":"status-publish","4":"has-post-thumbnail","6":"product_cat-juegos-de-mesa","7":"product_cat-devir","8":"product_tag-devir","9":"product_tag-ganges","10":"product_tag-juegosdemesa","12":"first","13":"outofstock","14":"sold-individually","15":"shipping-taxable","16":"purchasable","17":"product-type-simple"},"_links":{"self":[{"href":"https:\/\/magicgamesbolivia.com\/index.php\/wp-json\/wp\/v2\/product\/1639","targetHints":{"allow":["GET"]}}],"collection":[{"href":"https:\/\/magicgamesbolivia.com\/index.php\/wp-json\/wp\/v2\/product"}],"about":[{"href":"https:\/\/magicgamesbolivia.com\/index.php\/wp-json\/wp\/v2\/types\/product"}],"replies":[{"embeddable":true,"href":"https:\/\/magicgamesbolivia.com\/index.php\/wp-json\/wp\/v2\/comments?post=1639"}],"version-history":[{"count":3,"href":"https:\/\/magicgamesbolivia.com\/index.php\/wp-json\/wp\/v2\/product\/1639\/revisions"}],"predecessor-version":[{"id":3633,"href":"https:\/\/magicgamesbolivia.com\/index.php\/wp-json\/wp\/v2\/product\/1639\/revisions\/3633"}],"wp:featuredmedia":[{"embeddable":true,"href":"https:\/\/magicgamesbolivia.com\/index.php\/wp-json\/wp\/v2\/media\/1643"}],"wp:attachment":[{"href":"https:\/\/magicgamesbolivia.com\/index.php\/wp-json\/wp\/v2\/media?parent=1639"}],"wp:term":[{"taxonomy":"product_brand","embeddable":true,"href":"https:\/\/magicgamesbolivia.com\/index.php\/wp-json\/wp\/v2\/product_brand?post=1639"},{"taxonomy":"product_cat","embeddable":true,"href":"https:\/\/magicgamesbolivia.com\/index.php\/wp-json\/wp\/v2\/product_cat?post=1639"},{"taxonomy":"product_tag","embeddable":true,"href":"https:\/\/magicgamesbolivia.com\/index.php\/wp-json\/wp\/v2\/product_tag?post=1639"}],"curies":[{"name":"wp","href":"https:\/\/api.w.org\/{rel}","templated":true}]}}