{"id":1635,"date":"2021-08-18T19:50:57","date_gmt":"2021-08-18T19:50:57","guid":{"rendered":"http:\/\/magicgamesbolivia.com\/?post_type=product&#038;p=1635"},"modified":"2025-07-15T21:58:15","modified_gmt":"2025-07-15T21:58:15","slug":"1635","status":"publish","type":"product","link":"https:\/\/magicgamesbolivia.com\/index.php\/product\/1635\/","title":{"rendered":"THE RED CATEDRAL"},"content":{"rendered":"<p>El Zar Iv\u00e1n el terrible (no le digan que le decimos as\u00ed) quiere ver resultados y nuestro equipo le demostrar\u00e1 que somos los mejores constructores de la ciudad, mejores que los otros. Estamos seguros de que decoraremos de mejor manera esos arcos de la catedral con las piedras m\u00e1s preciosas y relucientes y aseguraremos nuestro lugar en la lista de trabajadores de confianza del Zar. The Red Cathedral es un juego de mesa estrat\u00e9gico con mec\u00e1nicas bastante sencillas, donde podremos contar con 3 tipos de acciones: asignar y quedar con una secci\u00f3n de la catedral, enviar recursos a esa secci\u00f3n, o ir al tablero de juego para conseguir m\u00e1s recursos, se coronar\u00e1 como ganador el que logre generar m\u00e1s puntos con dichas acciones.<\/p>\n","protected":false},"excerpt":{"rendered":"<div class=\"atributo col-md-4 col-sm-4 col-xs-4\">Cantidad de Jugadores 1-4<\/div>\n<div class=\"atributo col-md-4 col-sm-4 col-xs-4\">Tiempo de Juego 80<\/div>\n<div class=\"atributo col-md-4 col-sm-4 col-xs-4\">Edad recomendada 10<\/div>\n","protected":false},"featured_media":1636,"comment_status":"open","ping_status":"closed","template":"","meta":{"_themeisle_gutenberg_block_has_review":false},"product_brand":[],"product_cat":[29,30],"product_tag":[31,155],"class_list":{"0":"post-1635","1":"product","2":"type-product","3":"status-publish","4":"has-post-thumbnail","6":"product_cat-juegos-de-mesa","7":"product_cat-devir","8":"product_tag-devir","9":"product_tag-juegosdemesa","11":"first","12":"instock","13":"shipping-taxable","14":"purchasable","15":"product-type-simple"},"_links":{"self":[{"href":"https:\/\/magicgamesbolivia.com\/index.php\/wp-json\/wp\/v2\/product\/1635","targetHints":{"allow":["GET"]}}],"collection":[{"href":"https:\/\/magicgamesbolivia.com\/index.php\/wp-json\/wp\/v2\/product"}],"about":[{"href":"https:\/\/magicgamesbolivia.com\/index.php\/wp-json\/wp\/v2\/types\/product"}],"replies":[{"embeddable":true,"href":"https:\/\/magicgamesbolivia.com\/index.php\/wp-json\/wp\/v2\/comments?post=1635"}],"version-history":[{"count":3,"href":"https:\/\/magicgamesbolivia.com\/index.php\/wp-json\/wp\/v2\/product\/1635\/revisions"}],"predecessor-version":[{"id":3689,"href":"https:\/\/magicgamesbolivia.com\/index.php\/wp-json\/wp\/v2\/product\/1635\/revisions\/3689"}],"wp:featuredmedia":[{"embeddable":true,"href":"https:\/\/magicgamesbolivia.com\/index.php\/wp-json\/wp\/v2\/media\/1636"}],"wp:attachment":[{"href":"https:\/\/magicgamesbolivia.com\/index.php\/wp-json\/wp\/v2\/media?parent=1635"}],"wp:term":[{"taxonomy":"product_brand","embeddable":true,"href":"https:\/\/magicgamesbolivia.com\/index.php\/wp-json\/wp\/v2\/product_brand?post=1635"},{"taxonomy":"product_cat","embeddable":true,"href":"https:\/\/magicgamesbolivia.com\/index.php\/wp-json\/wp\/v2\/product_cat?post=1635"},{"taxonomy":"product_tag","embeddable":true,"href":"https:\/\/magicgamesbolivia.com\/index.php\/wp-json\/wp\/v2\/product_tag?post=1635"}],"curies":[{"name":"wp","href":"https:\/\/api.w.org\/{rel}","templated":true}]}}