{"id":1627,"date":"2021-08-18T15:49:37","date_gmt":"2021-08-18T15:49:37","guid":{"rendered":"http:\/\/magicgamesbolivia.com\/?post_type=product&#038;p=1627"},"modified":"2026-01-14T13:49:58","modified_gmt":"2026-01-14T13:49:58","slug":"unstable-unicorns","status":"publish","type":"product","link":"https:\/\/magicgamesbolivia.com\/index.php\/product\/unstable-unicorns\/","title":{"rendered":"Unstabe UNICORNS"},"content":{"rendered":"<p>\u00a1Construye tu ej\u00e9rcito de unicornios lo m\u00e1s r\u00e1pido posible y destruye a tus amigos para convertirte en el gobernante de todas las cosas m\u00e1gicas! Unstable Unicorns es un juego de cartas estrat\u00e9gico que arruinar\u00e1 tus amistades, en el buen sentido, ya que combina las dos cosas favoritas de todos: los unicornios y la destrucci\u00f3n.<\/p>\n<p>El objetivo de Unstable Unicorns es ser la primera persona en tener 7 Unicornios en su \u00e1rea de juego, tambi\u00e9n conocida como su establo. Para ello podr\u00e1s utilizar los poderes m\u00e1gicos de los Unicornios en combinaci\u00f3n con cartas M\u00e1gicas, Instant\u00e1neas, de Mejora y de Degradaci\u00f3n y as\u00ed abrirte paso a la victoria mientras obstaculizas el progreso de los dem\u00e1s jugadores. Pero cuidado, hay cartas que podr\u00e1n detener todo tu avance en segundos, una carta de \u00ab\u00a1Neigh!\u00bb bloquear\u00e1 cualquier carta que juegues, y una carta de Pandamonium convertir\u00e1 a todos tus unicornios en pandas!<\/p>\n<p>\u00a1No te pierdas este gran juego que reunir\u00e1 a todos tus amigos en una mesa!<\/p>\n","protected":false},"excerpt":{"rendered":"<p>Unicornios Inestables es un juego de cartas estrat\u00e9gico por turnos sobre tus dos cosas favoritas: los unicornios y la destrucci\u00f3n. \u00a1El primer jugador que consiga tener 7 Unicornios de cualquier tipo en su Establo ser\u00e1 el ganador!<\/p>\n<p>Duraci\u00f3n M\u00ednima (Min.)30Duraci\u00f3n M\u00e1xima (Min.)45N\u00ba<\/p>\n<p>De Jugadores M\u00ednimo 2 N\u00ba De Jugadores M\u00e1ximo 8<\/p>\n<p>Idioma Esp<\/p>\n<p>Edad M\u00ednima 8<\/p>\n","protected":false},"featured_media":1628,"comment_status":"open","ping_status":"closed","template":"","meta":{"_themeisle_gutenberg_block_has_review":false},"product_brand":[],"product_cat":[123,29],"product_tag":[155,175],"class_list":{"0":"post-1627","1":"product","2":"type-product","3":"status-publish","4":"has-post-thumbnail","6":"product_cat-otros-juegos","7":"product_cat-juegos-de-mesa","8":"product_tag-juegosdemesa","9":"product_tag-unicronios","11":"first","12":"instock","13":"shipping-taxable","14":"purchasable","15":"product-type-simple"},"_links":{"self":[{"href":"https:\/\/magicgamesbolivia.com\/index.php\/wp-json\/wp\/v2\/product\/1627","targetHints":{"allow":["GET"]}}],"collection":[{"href":"https:\/\/magicgamesbolivia.com\/index.php\/wp-json\/wp\/v2\/product"}],"about":[{"href":"https:\/\/magicgamesbolivia.com\/index.php\/wp-json\/wp\/v2\/types\/product"}],"replies":[{"embeddable":true,"href":"https:\/\/magicgamesbolivia.com\/index.php\/wp-json\/wp\/v2\/comments?post=1627"}],"version-history":[{"count":2,"href":"https:\/\/magicgamesbolivia.com\/index.php\/wp-json\/wp\/v2\/product\/1627\/revisions"}],"predecessor-version":[{"id":3687,"href":"https:\/\/magicgamesbolivia.com\/index.php\/wp-json\/wp\/v2\/product\/1627\/revisions\/3687"}],"wp:featuredmedia":[{"embeddable":true,"href":"https:\/\/magicgamesbolivia.com\/index.php\/wp-json\/wp\/v2\/media\/1628"}],"wp:attachment":[{"href":"https:\/\/magicgamesbolivia.com\/index.php\/wp-json\/wp\/v2\/media?parent=1627"}],"wp:term":[{"taxonomy":"product_brand","embeddable":true,"href":"https:\/\/magicgamesbolivia.com\/index.php\/wp-json\/wp\/v2\/product_brand?post=1627"},{"taxonomy":"product_cat","embeddable":true,"href":"https:\/\/magicgamesbolivia.com\/index.php\/wp-json\/wp\/v2\/product_cat?post=1627"},{"taxonomy":"product_tag","embeddable":true,"href":"https:\/\/magicgamesbolivia.com\/index.php\/wp-json\/wp\/v2\/product_tag?post=1627"}],"curies":[{"name":"wp","href":"https:\/\/api.w.org\/{rel}","templated":true}]}}