{"id":1610,"date":"2021-08-17T21:49:19","date_gmt":"2021-08-17T21:49:19","guid":{"rendered":"http:\/\/magicgamesbolivia.com\/?post_type=product&#038;p=1610"},"modified":"2025-10-03T01:52:07","modified_gmt":"2025-10-03T01:52:07","slug":"pandemic-el-reino-de-cthulhu","status":"publish","type":"product","link":"https:\/\/magicgamesbolivia.com\/index.php\/product\/pandemic-el-reino-de-cthulhu\/","title":{"rendered":"Pandemic: El reino de Cthulhu"},"content":{"rendered":"<p>Seres de una antigua y extra\u00f1a \u00a0inteligencia, conocidos como Primigenios, se agitan dentro de sus vastas \u00a0prisiones c\u00f3smicas. Si se despiertan en el mundo, desencadenar\u00e1n una \u00a0era de locura, caos y destrucci\u00f3n sobre el tejido mismo de la realidad. \u00a0\u00a1Todo lo que sabes y amas ser\u00e1 destruido!<br \/>\nSe te ha maldecido con el conocimiento de las \u201cmasas durmientes\u201d y es \u00a0algo que no se puede soportar. Este mal existe, y debe ser detenido a \u00a0toda costa. Defendeos de los sectarios y de las criaturas aterradoras \u00a0para encontrar las pistas necesarias y aseguraos de que los Primigenios \u00a0no se despierten.<br \/>\nA medida que vuestra investigaci\u00f3n os sumerja m\u00e1s profundamente en el \u00a0caos y la locura, vuestra cordura ampliar\u00e1 vuestras capacidades hasta \u00a0sus l\u00edmites.<\/p>\n<table id=\"product-attribute-specs-table\" class=\"data table additional-attributes\">\n<tbody>\n<tr>\n<th class=\"col label\" scope=\"row\">Tem\u00e1tica<\/th>\n<td class=\"col data\" data-th=\"Tem\u00e1tica\">Misterio, Terror<\/td>\n<\/tr>\n<tr>\n<th class=\"col label\" scope=\"row\">Si buscas&#8230;<\/th>\n<td class=\"col data\" data-th=\"Si buscas...\">Cooperativo, Eurogame<\/td>\n<\/tr>\n<tr>\n<th class=\"col label\" scope=\"row\">Edad<\/th>\n<td class=\"col data\" data-th=\"Edad\">de 14 a 18 a\u00f1os, m\u00e1s de 18 a\u00f1os<\/td>\n<\/tr>\n<tr>\n<th class=\"col label\" scope=\"row\">N\u00fam. jugadores<\/th>\n<td class=\"col data\" data-th=\"N\u00fam. jugadores\">2, 3, 4<\/td>\n<\/tr>\n<tr>\n<th class=\"col label\" scope=\"row\">Tiempo de juego<\/th>\n<td class=\"col data\" data-th=\"Tiempo de juego\">60 min<\/td>\n<\/tr>\n<\/tbody>\n<\/table>\n","protected":false},"excerpt":{"rendered":"<p>El reino de Cthulhu adapta el sistema de juego del conocido juego de mesa cooperativo Pandemic a un mundo de pesadilla lovecraftiana donde un ritual mal\u00e9fico amenaza con destruir el tejido mismo de la realidad.<\/p>\n","protected":false},"featured_media":1611,"comment_status":"open","ping_status":"closed","template":"","meta":{"_themeisle_gutenberg_block_has_review":false},"product_brand":[],"product_cat":[123,29],"product_tag":[158,155,172,171],"class_list":{"0":"post-1610","1":"product","2":"type-product","3":"status-publish","4":"has-post-thumbnail","6":"product_cat-otros-juegos","7":"product_cat-juegos-de-mesa","8":"product_tag-cochabamba","9":"product_tag-juegosdemesa","10":"product_tag-lovecraft","11":"product_tag-pandemic-el-reino-de-cthulhu","13":"first","14":"outofstock","15":"shipping-taxable","16":"purchasable","17":"product-type-simple"},"_links":{"self":[{"href":"https:\/\/magicgamesbolivia.com\/index.php\/wp-json\/wp\/v2\/product\/1610","targetHints":{"allow":["GET"]}}],"collection":[{"href":"https:\/\/magicgamesbolivia.com\/index.php\/wp-json\/wp\/v2\/product"}],"about":[{"href":"https:\/\/magicgamesbolivia.com\/index.php\/wp-json\/wp\/v2\/types\/product"}],"replies":[{"embeddable":true,"href":"https:\/\/magicgamesbolivia.com\/index.php\/wp-json\/wp\/v2\/comments?post=1610"}],"version-history":[{"count":1,"href":"https:\/\/magicgamesbolivia.com\/index.php\/wp-json\/wp\/v2\/product\/1610\/revisions"}],"predecessor-version":[{"id":1613,"href":"https:\/\/magicgamesbolivia.com\/index.php\/wp-json\/wp\/v2\/product\/1610\/revisions\/1613"}],"wp:featuredmedia":[{"embeddable":true,"href":"https:\/\/magicgamesbolivia.com\/index.php\/wp-json\/wp\/v2\/media\/1611"}],"wp:attachment":[{"href":"https:\/\/magicgamesbolivia.com\/index.php\/wp-json\/wp\/v2\/media?parent=1610"}],"wp:term":[{"taxonomy":"product_brand","embeddable":true,"href":"https:\/\/magicgamesbolivia.com\/index.php\/wp-json\/wp\/v2\/product_brand?post=1610"},{"taxonomy":"product_cat","embeddable":true,"href":"https:\/\/magicgamesbolivia.com\/index.php\/wp-json\/wp\/v2\/product_cat?post=1610"},{"taxonomy":"product_tag","embeddable":true,"href":"https:\/\/magicgamesbolivia.com\/index.php\/wp-json\/wp\/v2\/product_tag?post=1610"}],"curies":[{"name":"wp","href":"https:\/\/api.w.org\/{rel}","templated":true}]}}