{"id":1594,"date":"2021-08-16T22:11:38","date_gmt":"2021-08-16T22:11:38","guid":{"rendered":"https:\/\/magicgamesbolivia.com\/?post_type=product&#038;p=1594"},"modified":"2025-07-17T13:53:23","modified_gmt":"2025-07-17T13:53:23","slug":"splendor-marvel","status":"publish","type":"product","link":"https:\/\/magicgamesbolivia.com\/index.php\/product\/splendor-marvel\/","title":{"rendered":"SPLENDOR MARVEL"},"content":{"rendered":"<p><strong>Splendor Marvel<\/strong>\u00a0es un\u00a0<strong>juego de mesa<\/strong>\u00a0que nos permitir\u00e1 fusionar la estupenda jugabilidad del cl\u00e1sico<strong>\u00a0Splendor<\/strong>\u00a0con el\u00a0<strong>universo Marvel<\/strong>. Hay que frenar a\u00a0<strong>Thanos\u00a0<\/strong>sea como sea, para ello tendr\u00e1s que reunir al equipo de superh\u00e9roes adecuados para sumiros en la b\u00fasqueda de las\u00a0<strong>Gemas del Infinito<\/strong>. Usa las<strong>\u00a0gemas<\/strong>\u00a0para comprar las cartas que m\u00e1s puntos te den para conseguir la\u00a0<strong>victoria<\/strong><\/p>\n","protected":false},"excerpt":{"rendered":"<p>Splendor Marvel\u00a0es un\u00a0juego de mesa\u00a0que nos permitir\u00e1 fusionar la estupenda jugabilidad del cl\u00e1sico\u00a0Splendor\u00a0con el\u00a0universo Marvel. Hay que frenar a\u00a0Thanos\u00a0sea como sea, para ello tendr\u00e1s que reunir al equipo de superh\u00e9roes adecuados para sumiros en la b\u00fasqueda de las\u00a0Gemas del Infinito. Usa las\u00a0gemas\u00a0para comprar las cartas que m\u00e1s puntos te den para conseguir la\u00a0victoria<\/p>\n","protected":false},"featured_media":1595,"comment_status":"open","ping_status":"closed","template":"","meta":{"_themeisle_gutenberg_block_has_review":false},"product_brand":[],"product_cat":[123,29],"product_tag":[156,155,140,168],"class_list":{"0":"post-1594","1":"product","2":"type-product","3":"status-publish","4":"has-post-thumbnail","6":"product_cat-otros-juegos","7":"product_cat-juegos-de-mesa","8":"product_tag-boardgames","9":"product_tag-juegosdemesa","10":"product_tag-marvel","11":"product_tag-splendor","13":"first","14":"outofstock","15":"sold-individually","16":"shipping-taxable","17":"purchasable","18":"product-type-simple"},"_links":{"self":[{"href":"https:\/\/magicgamesbolivia.com\/index.php\/wp-json\/wp\/v2\/product\/1594","targetHints":{"allow":["GET"]}}],"collection":[{"href":"https:\/\/magicgamesbolivia.com\/index.php\/wp-json\/wp\/v2\/product"}],"about":[{"href":"https:\/\/magicgamesbolivia.com\/index.php\/wp-json\/wp\/v2\/types\/product"}],"replies":[{"embeddable":true,"href":"https:\/\/magicgamesbolivia.com\/index.php\/wp-json\/wp\/v2\/comments?post=1594"}],"version-history":[{"count":3,"href":"https:\/\/magicgamesbolivia.com\/index.php\/wp-json\/wp\/v2\/product\/1594\/revisions"}],"predecessor-version":[{"id":3690,"href":"https:\/\/magicgamesbolivia.com\/index.php\/wp-json\/wp\/v2\/product\/1594\/revisions\/3690"}],"wp:featuredmedia":[{"embeddable":true,"href":"https:\/\/magicgamesbolivia.com\/index.php\/wp-json\/wp\/v2\/media\/1595"}],"wp:attachment":[{"href":"https:\/\/magicgamesbolivia.com\/index.php\/wp-json\/wp\/v2\/media?parent=1594"}],"wp:term":[{"taxonomy":"product_brand","embeddable":true,"href":"https:\/\/magicgamesbolivia.com\/index.php\/wp-json\/wp\/v2\/product_brand?post=1594"},{"taxonomy":"product_cat","embeddable":true,"href":"https:\/\/magicgamesbolivia.com\/index.php\/wp-json\/wp\/v2\/product_cat?post=1594"},{"taxonomy":"product_tag","embeddable":true,"href":"https:\/\/magicgamesbolivia.com\/index.php\/wp-json\/wp\/v2\/product_tag?post=1594"}],"curies":[{"name":"wp","href":"https:\/\/api.w.org\/{rel}","templated":true}]}}