{"id":1541,"date":"2021-08-16T19:15:30","date_gmt":"2021-08-16T19:15:30","guid":{"rendered":"http:\/\/magicgamesbolivia.com\/?post_type=product&#038;p=1541"},"modified":"2025-12-20T14:53:21","modified_gmt":"2025-12-20T14:53:21","slug":"clank","status":"publish","type":"product","link":"https:\/\/magicgamesbolivia.com\/index.php\/product\/clank\/","title":{"rendered":"CLANK"},"content":{"rendered":"<p>Entra a la guarida de un Drag\u00f3n enojado , roba artefactos preciosos, busca el bot\u00edn m\u00e1s valioso y adquiere cartas para aumentar el poder de tu deck\u2026 \u00a1Pero cuidado! Cada sonido puede despertar al Drag\u00f3n.<\/p>\n<p>Cantidad de Jugadores 2-4<\/p>\n<p><i class=\"fa fa-clock\" aria-hidden=\"true\"><\/i>Tiempo de Juego\u00a0 30-60<\/p>\n<div class=\"atributo col-md-4 col-sm-4 col-xs-4\"><i class=\"fa fa-birthday-cake\" aria-hidden=\"true\"><\/i>Edad recomendada\u00a0 12<\/div>\n","protected":false},"excerpt":{"rendered":"<p>Entra a la guarida de un Drag\u00f3n enojado , roba artefactos preciosos, busca el bot\u00edn m\u00e1s valioso y adquiere cartas para aumentar el poder de tu deck\u2026 \u00a1Pero cuidado! Cada sonido puede despertar al Drag\u00f3n. Cantidad de Jugadores 2-4 Tiempo de Juego\u00a0 30-60 Edad recomendada\u00a0 12<\/p>\n","protected":false},"featured_media":1542,"comment_status":"open","ping_status":"closed","template":"","meta":{"_themeisle_gutenberg_block_has_review":false},"product_brand":[],"product_cat":[29,30],"product_tag":[157,160,155],"class_list":{"0":"post-1541","1":"product","2":"type-product","3":"status-publish","4":"has-post-thumbnail","6":"product_cat-juegos-de-mesa","7":"product_cat-devir","8":"product_tag-bolivia","9":"product_tag-clank","10":"product_tag-juegosdemesa","12":"first","13":"outofstock","14":"sold-individually","15":"shipping-taxable","16":"purchasable","17":"product-type-simple"},"_links":{"self":[{"href":"https:\/\/magicgamesbolivia.com\/index.php\/wp-json\/wp\/v2\/product\/1541","targetHints":{"allow":["GET"]}}],"collection":[{"href":"https:\/\/magicgamesbolivia.com\/index.php\/wp-json\/wp\/v2\/product"}],"about":[{"href":"https:\/\/magicgamesbolivia.com\/index.php\/wp-json\/wp\/v2\/types\/product"}],"replies":[{"embeddable":true,"href":"https:\/\/magicgamesbolivia.com\/index.php\/wp-json\/wp\/v2\/comments?post=1541"}],"version-history":[{"count":4,"href":"https:\/\/magicgamesbolivia.com\/index.php\/wp-json\/wp\/v2\/product\/1541\/revisions"}],"predecessor-version":[{"id":3636,"href":"https:\/\/magicgamesbolivia.com\/index.php\/wp-json\/wp\/v2\/product\/1541\/revisions\/3636"}],"wp:featuredmedia":[{"embeddable":true,"href":"https:\/\/magicgamesbolivia.com\/index.php\/wp-json\/wp\/v2\/media\/1542"}],"wp:attachment":[{"href":"https:\/\/magicgamesbolivia.com\/index.php\/wp-json\/wp\/v2\/media?parent=1541"}],"wp:term":[{"taxonomy":"product_brand","embeddable":true,"href":"https:\/\/magicgamesbolivia.com\/index.php\/wp-json\/wp\/v2\/product_brand?post=1541"},{"taxonomy":"product_cat","embeddable":true,"href":"https:\/\/magicgamesbolivia.com\/index.php\/wp-json\/wp\/v2\/product_cat?post=1541"},{"taxonomy":"product_tag","embeddable":true,"href":"https:\/\/magicgamesbolivia.com\/index.php\/wp-json\/wp\/v2\/product_tag?post=1541"}],"curies":[{"name":"wp","href":"https:\/\/api.w.org\/{rel}","templated":true}]}}