{"id":1538,"date":"2021-08-16T16:27:04","date_gmt":"2021-08-16T16:27:04","guid":{"rendered":"https:\/\/magicgamesbolivia.com\/?post_type=product&#038;p=1538"},"modified":"2023-01-08T02:18:07","modified_gmt":"2023-01-08T02:18:07","slug":"pulsar-2849","status":"publish","type":"product","link":"https:\/\/magicgamesbolivia.com\/index.php\/product\/pulsar-2849\/","title":{"rendered":"PULSAR 2849"},"content":{"rendered":"<p>Nos encontramos en el a\u00f1o 2849, justo cuando el mercado de la energ\u00eda interestelar se encuentra en su punto m\u00e1s \u00e1lgido. las corporaciones rivales han dispuesto sus naves de reconocimiento junto a los bordes de un c\u00famulo estelar donde abundan los p\u00falsares y ahora se disponen a aprovechar al m\u00e1ximo sus riquezas.<\/p>\n<p>Los jugadores tendr\u00e1n que hacer progresar a sus corporaciones construyendo unas enormes megaestructuras en el espacio. Estos generadores din\u00e1micos, conocidos como \u00abastrogiros\u00bb, rotan alrededor de los p\u00falsares y transmiten la energ\u00eda de forma inmediata hasta los confines m\u00e1s lejanos de la galaxia. Los sistemas de transmisi\u00f3n luego redistribuyen esta energ\u00eda hacia las centrales ubicadas en los planetas que los equipos de reconocimiento han explorado previamente. \u00a1La energ\u00eda no conoce l\u00edmites! (Y el dinero tampoco).<\/p>\n<div class=\"atributo col-md-4 col-sm-4 col-xs-4\">Cantidad de Jugadores2-4<\/div>\n<div class=\"atributo col-md-4 col-sm-4 col-xs-4\"><i class=\"fa fa-clock\" aria-hidden=\"true\"><\/i>Tiempo de Juego60-90<\/div>\n<div class=\"atributo col-md-4 col-sm-4 col-xs-4\"><i class=\"fa fa-birthday-cake\" aria-hidden=\"true\"><\/i>Edad recomendada 14<\/div>\n","protected":false},"excerpt":{"rendered":"<p>Nos encontramos en el a\u00f1o 2849, justo cuando el mercado de la energ\u00eda interestelar se encuentra en su punto m\u00e1s \u00e1lgido. las corporaciones rivales han dispuesto sus naves de reconocimiento junto a los bordes de un c\u00famulo estelar donde abundan los p\u00falsares y ahora se disponen a aprovechar al m\u00e1ximo sus riquezas. Los jugadores tendr\u00e1n [&hellip;]<\/p>\n","protected":false},"featured_media":1539,"comment_status":"open","ping_status":"closed","template":"","meta":{"_themeisle_gutenberg_block_has_review":false},"product_brand":[],"product_cat":[30,29],"product_tag":[158,31,155],"class_list":{"0":"post-1538","1":"product","2":"type-product","3":"status-publish","4":"has-post-thumbnail","6":"product_cat-devir","7":"product_cat-juegos-de-mesa","8":"product_tag-cochabamba","9":"product_tag-devir","10":"product_tag-juegosdemesa","12":"first","13":"outofstock","14":"sold-individually","15":"shipping-taxable","16":"purchasable","17":"product-type-simple"},"_links":{"self":[{"href":"https:\/\/magicgamesbolivia.com\/index.php\/wp-json\/wp\/v2\/product\/1538","targetHints":{"allow":["GET"]}}],"collection":[{"href":"https:\/\/magicgamesbolivia.com\/index.php\/wp-json\/wp\/v2\/product"}],"about":[{"href":"https:\/\/magicgamesbolivia.com\/index.php\/wp-json\/wp\/v2\/types\/product"}],"replies":[{"embeddable":true,"href":"https:\/\/magicgamesbolivia.com\/index.php\/wp-json\/wp\/v2\/comments?post=1538"}],"version-history":[{"count":2,"href":"https:\/\/magicgamesbolivia.com\/index.php\/wp-json\/wp\/v2\/product\/1538\/revisions"}],"predecessor-version":[{"id":3672,"href":"https:\/\/magicgamesbolivia.com\/index.php\/wp-json\/wp\/v2\/product\/1538\/revisions\/3672"}],"wp:featuredmedia":[{"embeddable":true,"href":"https:\/\/magicgamesbolivia.com\/index.php\/wp-json\/wp\/v2\/media\/1539"}],"wp:attachment":[{"href":"https:\/\/magicgamesbolivia.com\/index.php\/wp-json\/wp\/v2\/media?parent=1538"}],"wp:term":[{"taxonomy":"product_brand","embeddable":true,"href":"https:\/\/magicgamesbolivia.com\/index.php\/wp-json\/wp\/v2\/product_brand?post=1538"},{"taxonomy":"product_cat","embeddable":true,"href":"https:\/\/magicgamesbolivia.com\/index.php\/wp-json\/wp\/v2\/product_cat?post=1538"},{"taxonomy":"product_tag","embeddable":true,"href":"https:\/\/magicgamesbolivia.com\/index.php\/wp-json\/wp\/v2\/product_tag?post=1538"}],"curies":[{"name":"wp","href":"https:\/\/api.w.org\/{rel}","templated":true}]}}