{"id":1411,"date":"2021-03-26T21:12:03","date_gmt":"2021-03-26T21:12:03","guid":{"rendered":"https:\/\/magicgamesbolivia.com\/?post_type=product&#038;p=1411"},"modified":"2021-03-26T21:12:03","modified_gmt":"2021-03-26T21:12:03","slug":"rompecabezas-aquarius-marvel-1000-piezas","status":"publish","type":"product","link":"https:\/\/magicgamesbolivia.com\/index.php\/product\/rompecabezas-aquarius-marvel-1000-piezas\/","title":{"rendered":"Rompecabezas AQUARIUS Marvel (1000 piezas)"},"content":{"rendered":"<ul class=\"a-unordered-list a-vertical a-spacing-mini\">\n<li><span class=\"a-list-item\">Libera a tu superh\u00e9roe interior: carga en el universo de Marvel y monta los Vengadores al llegar al desaf\u00edo de completar este incre\u00edble rompecabezas de 1000 piezas con algunas de las fundas de c\u00f3mic m\u00e1s poderosas de la Tierra. Medidas del puzle: 20 x 28 pulgadas.<\/span><\/li>\n<li><span class=\"a-list-item\">\u00bfBuscas regalos de Marvel? Este rompecabezas de Marvel es el mejor regalo de Marvel para los fans de Marvel Comics y los fans de los Vengadores de todas las edades. Perfecto para rompecabezas familiar, noche de juegos, cumplea\u00f1os, vacaciones, ni\u00f1os y adultos les encantar\u00e1 recibirlo como un regalo.<\/span><\/li>\n<li><span class=\"a-list-item\">Calidad premium en la que puedes confiar: nuestra t\u00e9cnica de corte de precisi\u00f3n garantiza un ajuste perfecto de todas las piezas de rompecabezas, pr\u00e1cticamente sin polvo detr\u00e1s. Utilizamos papel grueso de calidad que es antideslumbrante para que puedas mostrar tu obra maestra con orgullo.<\/span><\/li>\n<li><span class=\"a-list-item\">100% producto oficial de Marvel: todos nuestros rompecabezas de Marvel est\u00e1n dise\u00f1ados por Aquarius y est\u00e1n oficialmente autorizados por Marvel. Son la pieza perfecta de los recuerdos coleccionables de Marvel Comics para a\u00f1adir a tu colecci\u00f3n.<\/span><\/li>\n<li><span class=\"a-list-item\">La promesa de acuario: es simple. Respaldamos nuestros productos 100% y si no est\u00e1s completamente satisfecho con tu compra, te ofrecemos un reembolso completo. Haz clic en el bot\u00f3n amarillo \u00abA\u00f1adir a la cesta\u00bb hoy y compra con confianza.<\/span><\/li>\n<\/ul>\n","protected":false},"excerpt":{"rendered":"<ul class=\"a-unordered-list a-vertical a-spacing-mini\">\n<li><span class=\"a-list-item\">Libera a tu superh\u00e9roe interior: carga en el universo de Marvel y monta los Vengadores al llegar al desaf\u00edo de completar este incre\u00edble rompecabezas de 1000 piezas con algunas de las fundas de c\u00f3mic m\u00e1s poderosas de la Tierra. Medidas del puzle: 20 x 28 pulgadas.<\/span><\/li>\n<li><span class=\"a-list-item\">\u00bfBuscas regalos de Marvel? Este rompecabezas de Marvel es el mejor regalo de Marvel para los fans de Marvel Comics y los fans de los Vengadores de todas las edades. Perfecto para rompecabezas familiar, noche de juegos, cumplea\u00f1os, vacaciones, ni\u00f1os y adultos les encantar\u00e1 recibirlo como un regalo.<\/span><\/li>\n<li><span class=\"a-list-item\">Calidad premium en la que puedes confiar: nuestra t\u00e9cnica de corte de precisi\u00f3n garantiza un ajuste perfecto de todas las piezas de rompecabezas, pr\u00e1cticamente sin polvo detr\u00e1s. Utilizamos papel grueso de calidad que es antideslumbrante para que puedas mostrar tu obra maestra con orgullo.<\/span><\/li>\n<li><span class=\"a-list-item\">100% producto oficial de Marvel: todos nuestros rompecabezas de Marvel est\u00e1n dise\u00f1ados por Aquarius y est\u00e1n oficialmente autorizados por Marvel. Son la pieza perfecta de los recuerdos coleccionables de Marvel Comics para a\u00f1adir a tu colecci\u00f3n.<\/span><\/li>\n<li><span class=\"a-list-item\">La promesa de acuario: es simple. Respaldamos nuestros productos 100% y si no est\u00e1s completamente satisfecho con tu compra, te ofrecemos un reembolso completo. Haz clic en el bot\u00f3n amarillo \u00abA\u00f1adir a la cesta\u00bb hoy y compra con confianza.<\/span><\/li>\n<\/ul>\n","protected":false},"featured_media":1412,"comment_status":"open","ping_status":"closed","template":"","meta":{"_themeisle_gutenberg_block_has_review":false},"product_brand":[],"product_cat":[136,137],"product_tag":[140,139],"class_list":{"0":"post-1411","1":"product","2":"type-product","3":"status-publish","4":"has-post-thumbnail","6":"product_cat-articulos-geek","7":"product_cat-rompecabezas","8":"product_tag-marvel","9":"product_tag-rompecabezas","11":"first","12":"instock","13":"shipping-taxable","14":"purchasable","15":"product-type-simple"},"_links":{"self":[{"href":"https:\/\/magicgamesbolivia.com\/index.php\/wp-json\/wp\/v2\/product\/1411","targetHints":{"allow":["GET"]}}],"collection":[{"href":"https:\/\/magicgamesbolivia.com\/index.php\/wp-json\/wp\/v2\/product"}],"about":[{"href":"https:\/\/magicgamesbolivia.com\/index.php\/wp-json\/wp\/v2\/types\/product"}],"replies":[{"embeddable":true,"href":"https:\/\/magicgamesbolivia.com\/index.php\/wp-json\/wp\/v2\/comments?post=1411"}],"version-history":[{"count":1,"href":"https:\/\/magicgamesbolivia.com\/index.php\/wp-json\/wp\/v2\/product\/1411\/revisions"}],"predecessor-version":[{"id":1414,"href":"https:\/\/magicgamesbolivia.com\/index.php\/wp-json\/wp\/v2\/product\/1411\/revisions\/1414"}],"wp:featuredmedia":[{"embeddable":true,"href":"https:\/\/magicgamesbolivia.com\/index.php\/wp-json\/wp\/v2\/media\/1412"}],"wp:attachment":[{"href":"https:\/\/magicgamesbolivia.com\/index.php\/wp-json\/wp\/v2\/media?parent=1411"}],"wp:term":[{"taxonomy":"product_brand","embeddable":true,"href":"https:\/\/magicgamesbolivia.com\/index.php\/wp-json\/wp\/v2\/product_brand?post=1411"},{"taxonomy":"product_cat","embeddable":true,"href":"https:\/\/magicgamesbolivia.com\/index.php\/wp-json\/wp\/v2\/product_cat?post=1411"},{"taxonomy":"product_tag","embeddable":true,"href":"https:\/\/magicgamesbolivia.com\/index.php\/wp-json\/wp\/v2\/product_tag?post=1411"}],"curies":[{"name":"wp","href":"https:\/\/api.w.org\/{rel}","templated":true}]}}