{"id":1354,"date":"2021-03-23T16:36:30","date_gmt":"2021-03-23T16:36:30","guid":{"rendered":"https:\/\/magicgamesbolivia.com\/?post_type=product&#038;p=1354"},"modified":"2023-05-25T16:57:23","modified_gmt":"2023-05-25T16:57:23","slug":"bloodbowl-edicion-segunda-temporada","status":"publish","type":"product","link":"https:\/\/magicgamesbolivia.com\/index.php\/product\/bloodbowl-edicion-segunda-temporada\/","title":{"rendered":"BLOODBOWL : EDICI\u00d3N SEGUNDA TEMPORADA"},"content":{"rendered":"<ul class=\"a-unordered-list a-vertical a-spacing-mini\">\n<li><span class=\"a-list-item\">Conoce a tus rivales en la l\u00ednea de Scrimmage en la \u00faltima prueba de intestinos y habilidades atl\u00e9ticas<\/span><\/li>\n<li><span class=\"a-list-item\">Obt\u00e9n dos equipos completamente cargados, completo con Star Players y Big Guys justo fuera de la puerta<\/span><\/li>\n<li><span class=\"a-list-item\">Las reglas aerodin\u00e1micas y actualizadas hacen para la versi\u00f3n m\u00e1s emocionante del juego &#8211; jam\u00e1s<\/span><\/li>\n<li><span class=\"a-list-item\">2 jugadores, edades 12 + | 1 \u2013 3 horas por juego<\/span><\/li>\n<\/ul>\n","protected":false},"excerpt":{"rendered":"<ul class=\"a-unordered-list a-vertical a-spacing-mini\">\n<li><span class=\"a-list-item\">Conoce a tus rivales en la l\u00ednea de Scrimmage en la \u00faltima prueba de intestinos y habilidades atl\u00e9ticas<\/span><\/li>\n<li><span class=\"a-list-item\">Obt\u00e9n dos equipos completamente cargados, completo con Star Players y Big Guys justo fuera de la puerta<\/span><\/li>\n<li><span class=\"a-list-item\">Las reglas aerodin\u00e1micas y actualizadas hacen para la versi\u00f3n m\u00e1s emocionante del juego &#8211; jam\u00e1s<\/span><\/li>\n<li><span class=\"a-list-item\">2 jugadores, edades 12 + | 1 \u2013 3 horas por juego<\/span><\/li>\n<\/ul>\n","protected":false},"featured_media":1355,"comment_status":"open","ping_status":"closed","template":"","meta":{"_themeisle_gutenberg_block_has_review":false},"product_brand":[],"product_cat":[169],"product_tag":[134],"class_list":{"0":"post-1354","1":"product","2":"type-product","3":"status-publish","4":"has-post-thumbnail","6":"product_cat-gws","7":"product_tag-bloodbowl","9":"first","10":"outofstock","11":"shipping-taxable","12":"purchasable","13":"product-type-simple"},"_links":{"self":[{"href":"https:\/\/magicgamesbolivia.com\/index.php\/wp-json\/wp\/v2\/product\/1354","targetHints":{"allow":["GET"]}}],"collection":[{"href":"https:\/\/magicgamesbolivia.com\/index.php\/wp-json\/wp\/v2\/product"}],"about":[{"href":"https:\/\/magicgamesbolivia.com\/index.php\/wp-json\/wp\/v2\/types\/product"}],"replies":[{"embeddable":true,"href":"https:\/\/magicgamesbolivia.com\/index.php\/wp-json\/wp\/v2\/comments?post=1354"}],"version-history":[{"count":1,"href":"https:\/\/magicgamesbolivia.com\/index.php\/wp-json\/wp\/v2\/product\/1354\/revisions"}],"predecessor-version":[{"id":1358,"href":"https:\/\/magicgamesbolivia.com\/index.php\/wp-json\/wp\/v2\/product\/1354\/revisions\/1358"}],"wp:featuredmedia":[{"embeddable":true,"href":"https:\/\/magicgamesbolivia.com\/index.php\/wp-json\/wp\/v2\/media\/1355"}],"wp:attachment":[{"href":"https:\/\/magicgamesbolivia.com\/index.php\/wp-json\/wp\/v2\/media?parent=1354"}],"wp:term":[{"taxonomy":"product_brand","embeddable":true,"href":"https:\/\/magicgamesbolivia.com\/index.php\/wp-json\/wp\/v2\/product_brand?post=1354"},{"taxonomy":"product_cat","embeddable":true,"href":"https:\/\/magicgamesbolivia.com\/index.php\/wp-json\/wp\/v2\/product_cat?post=1354"},{"taxonomy":"product_tag","embeddable":true,"href":"https:\/\/magicgamesbolivia.com\/index.php\/wp-json\/wp\/v2\/product_tag?post=1354"}],"curies":[{"name":"wp","href":"https:\/\/api.w.org\/{rel}","templated":true}]}}