{"id":1307,"date":"2021-03-19T19:32:23","date_gmt":"2021-03-19T19:32:23","guid":{"rendered":"https:\/\/magicgamesbolivia.com\/?post_type=product&#038;p=1307"},"modified":"2025-01-04T20:12:40","modified_gmt":"2025-01-04T20:12:40","slug":"1307","status":"publish","type":"product","link":"https:\/\/magicgamesbolivia.com\/index.php\/product\/1307\/","title":{"rendered":"WORD SMITH"},"content":{"rendered":"<p>WORDSMITH se trata de descubrir palabras, pero en lugar de letras completas, solo tienes piezas de letras en cuatro formas diferentes. \u00a1Este juego de hacer cosquillas cerebrales para 1 a 4 jugadores es un fren\u00e9tico desarrollo de palabras en tiempo real y de ritmo r\u00e1pido!<\/p>\n<p>Todos los jugadores crean palabras simult\u00e1neamente a partir de sus piezas de letras. Cada palabra solo se puede formar y puntuar una vez, por lo que comienza un emocionante desaf\u00edo de descubrimiento de palabras.<br \/>\n\u00bfQu\u00e9 palabras descubrir\u00e1s en tus piezas de letras? Las palabras m\u00e1s largas le otorgan m\u00e1s puntos, pero tambi\u00e9n desea completar las seis palabras antes de que termine la ronda.<br \/>\nY, por supuesto, hay un giro: aunque puedes descartar piezas de letras para formar una palabra, obtienes puntos de bonificaci\u00f3n cuando puedes limitar la cantidad de piezas que tienes que descartar.<\/p>\n<p>La idea de este juego de cartas proviene de los dise\u00f1adores de juegos de Eon Bill Eberle, Jack Kittredge, Greg Olotka y Peter Olotka, cuyos cr\u00e9ditos incluyen Cosmic Encounter, Dune, Hoax y m\u00e1s.<\/p>\n<p>El juego ofrece un modo para un solo jugador, as\u00ed como reglas especiales para jugadores avanzados.<\/p>\n<p>WORDSMITH incluye piezas de letras de pl\u00e1stico semitransparentes que son divertidas y f\u00e1ciles de manipular. Un inserto de pl\u00e1stico especial convierte la caja del juego en un componente del juego. Obtienes tus piezas de letras del inserto como parte del juego y todos tambi\u00e9n tienen su propia esquina del inserto para tirar sus dados.<\/p>\n","protected":false},"excerpt":{"rendered":"<p>WORDSMITH se trata de descubrir palabras, pero en lugar de letras completas, solo tienes piezas de letras en cuatro formas diferentes. \u00a1Este juego de hacer cosquillas cerebrales para 1 a 4 jugadores es un fren\u00e9tico desarrollo de palabras en tiempo real y de ritmo r\u00e1pido!<\/p>\n","protected":false},"featured_media":1308,"comment_status":"open","ping_status":"closed","template":"","meta":{"_themeisle_gutenberg_block_has_review":false},"product_brand":[],"product_cat":[123,29],"product_tag":[127,126],"class_list":{"0":"post-1307","1":"product","2":"type-product","3":"status-publish","4":"has-post-thumbnail","6":"product_cat-otros-juegos","7":"product_cat-juegos-de-mesa","8":"product_tag-smith","9":"product_tag-word","11":"first","12":"instock","13":"shipping-taxable","14":"purchasable","15":"product-type-simple"},"_links":{"self":[{"href":"https:\/\/magicgamesbolivia.com\/index.php\/wp-json\/wp\/v2\/product\/1307","targetHints":{"allow":["GET"]}}],"collection":[{"href":"https:\/\/magicgamesbolivia.com\/index.php\/wp-json\/wp\/v2\/product"}],"about":[{"href":"https:\/\/magicgamesbolivia.com\/index.php\/wp-json\/wp\/v2\/types\/product"}],"replies":[{"embeddable":true,"href":"https:\/\/magicgamesbolivia.com\/index.php\/wp-json\/wp\/v2\/comments?post=1307"}],"version-history":[{"count":4,"href":"https:\/\/magicgamesbolivia.com\/index.php\/wp-json\/wp\/v2\/product\/1307\/revisions"}],"predecessor-version":[{"id":2142,"href":"https:\/\/magicgamesbolivia.com\/index.php\/wp-json\/wp\/v2\/product\/1307\/revisions\/2142"}],"wp:featuredmedia":[{"embeddable":true,"href":"https:\/\/magicgamesbolivia.com\/index.php\/wp-json\/wp\/v2\/media\/1308"}],"wp:attachment":[{"href":"https:\/\/magicgamesbolivia.com\/index.php\/wp-json\/wp\/v2\/media?parent=1307"}],"wp:term":[{"taxonomy":"product_brand","embeddable":true,"href":"https:\/\/magicgamesbolivia.com\/index.php\/wp-json\/wp\/v2\/product_brand?post=1307"},{"taxonomy":"product_cat","embeddable":true,"href":"https:\/\/magicgamesbolivia.com\/index.php\/wp-json\/wp\/v2\/product_cat?post=1307"},{"taxonomy":"product_tag","embeddable":true,"href":"https:\/\/magicgamesbolivia.com\/index.php\/wp-json\/wp\/v2\/product_tag?post=1307"}],"curies":[{"name":"wp","href":"https:\/\/api.w.org\/{rel}","templated":true}]}}