{"id":1297,"date":"2021-03-18T16:55:41","date_gmt":"2021-03-18T16:55:41","guid":{"rendered":"https:\/\/magicgamesbolivia.com\/?post_type=product&#038;p=1297"},"modified":"2025-07-01T19:49:09","modified_gmt":"2025-07-01T19:49:09","slug":"dixit-harmonies","status":"publish","type":"product","link":"https:\/\/magicgamesbolivia.com\/index.php\/product\/dixit-harmonies\/","title":{"rendered":"Dixit Harmonies"},"content":{"rendered":"<pre id=\"tw-target-text\" class=\"tw-data-text tw-text-large XcVN5d tw-ta\" dir=\"ltr\" data-placeholder=\"Translation\"><span lang=\"es\">\u00a1Ad\u00e9ntrate a\u00fan m\u00e1s en la imaginaci\u00f3n con la nueva expansi\u00f3n del gran \u00e9xito Dixit con Dixit: Harmonies! Esta \u00faltima expansi\u00f3n incorpora el arte \u00fanico y poderoso de Paul Echegoyen para impulsar la imaginaci\u00f3n de los jugadores a\u00fan m\u00e1s, desafi\u00e1ndolos como solo Dixit puede hacerlo. Totalmente compatibles con el juego base de Dixit y todas las dem\u00e1s expansiones, estas 84 nuevas tarjetas de imagen ampl\u00edan la capacidad de reproducci\u00f3n y la alegr\u00eda por las que es conocido el juego de Dixit.\r\n\r\nEste producto es una expansi\u00f3n: se requiere el juego base Dixit para jugar.<\/span><\/pre>\n","protected":false},"excerpt":{"rendered":"<pre id=\"tw-target-text\" class=\"tw-data-text tw-text-large XcVN5d tw-ta\" dir=\"ltr\" data-placeholder=\"Translation\"><span lang=\"es\">\u00a1Ad\u00e9ntrate a\u00fan m\u00e1s en la imaginaci\u00f3n con la nueva expansi\u00f3n del gran \u00e9xito Dixit con Dixit: Harmonies! Esta \u00faltima expansi\u00f3n incorpora el arte \u00fanico y poderoso de Paul Echegoyen para impulsar la imaginaci\u00f3n de los jugadores a\u00fan m\u00e1s, desafi\u00e1ndolos como solo Dixit puede hacerlo. Totalmente compatibles con el juego base de Dixit y todas las dem\u00e1s expansiones, estas 84 nuevas tarjetas de imagen ampl\u00edan la capacidad de reproducci\u00f3n y la alegr\u00eda por las que es conocido el juego de Dixit.\r\n\r\nEste producto es una expansi\u00f3n: se requiere el juego base Dixit para jugar.<\/span><\/pre>\n","protected":false},"featured_media":5005,"comment_status":"open","ping_status":"closed","template":"","meta":{"_themeisle_gutenberg_block_has_review":false},"product_brand":[],"product_cat":[123,29],"product_tag":[124,288],"class_list":{"0":"post-1297","1":"product","2":"type-product","3":"status-publish","4":"has-post-thumbnail","6":"product_cat-otros-juegos","7":"product_cat-juegos-de-mesa","8":"product_tag-dixit","9":"product_tag-expansion","11":"first","12":"outofstock","13":"sold-individually","14":"shipping-taxable","15":"purchasable","16":"product-type-simple"},"_links":{"self":[{"href":"https:\/\/magicgamesbolivia.com\/index.php\/wp-json\/wp\/v2\/product\/1297","targetHints":{"allow":["GET"]}}],"collection":[{"href":"https:\/\/magicgamesbolivia.com\/index.php\/wp-json\/wp\/v2\/product"}],"about":[{"href":"https:\/\/magicgamesbolivia.com\/index.php\/wp-json\/wp\/v2\/types\/product"}],"replies":[{"embeddable":true,"href":"https:\/\/magicgamesbolivia.com\/index.php\/wp-json\/wp\/v2\/comments?post=1297"}],"version-history":[{"count":4,"href":"https:\/\/magicgamesbolivia.com\/index.php\/wp-json\/wp\/v2\/product\/1297\/revisions"}],"predecessor-version":[{"id":5002,"href":"https:\/\/magicgamesbolivia.com\/index.php\/wp-json\/wp\/v2\/product\/1297\/revisions\/5002"}],"wp:featuredmedia":[{"embeddable":true,"href":"https:\/\/magicgamesbolivia.com\/index.php\/wp-json\/wp\/v2\/media\/5005"}],"wp:attachment":[{"href":"https:\/\/magicgamesbolivia.com\/index.php\/wp-json\/wp\/v2\/media?parent=1297"}],"wp:term":[{"taxonomy":"product_brand","embeddable":true,"href":"https:\/\/magicgamesbolivia.com\/index.php\/wp-json\/wp\/v2\/product_brand?post=1297"},{"taxonomy":"product_cat","embeddable":true,"href":"https:\/\/magicgamesbolivia.com\/index.php\/wp-json\/wp\/v2\/product_cat?post=1297"},{"taxonomy":"product_tag","embeddable":true,"href":"https:\/\/magicgamesbolivia.com\/index.php\/wp-json\/wp\/v2\/product_tag?post=1297"}],"curies":[{"name":"wp","href":"https:\/\/api.w.org\/{rel}","templated":true}]}}