{"id":1266,"date":"2021-03-18T06:23:52","date_gmt":"2021-03-18T06:23:52","guid":{"rendered":"https:\/\/magicgamesbolivia.com\/?post_type=product&#038;p=1266"},"modified":"2023-02-24T02:00:08","modified_gmt":"2023-02-24T02:00:08","slug":"kidami-chess-set","status":"publish","type":"product","link":"https:\/\/magicgamesbolivia.com\/index.php\/product\/kidami-chess-set\/","title":{"rendered":"Kidami Chess set"},"content":{"rendered":"<div id=\"productOverview_feature_div\" class=\"celwidget\" data-feature-name=\"productOverview\" data-csa-c-id=\"3ohps4-7zm0u8-m6ro76-vlqo93\" data-cel-widget=\"productOverview_feature_div\">\n<div class=\"a-section a-spacing-small a-spacing-top-small\">\n<table class=\"a-normal a-spacing-micro\">\n<tbody>\n<tr class=\"a-spacing-small\">\n<td class=\"a-span3\"><span class=\"a-size-base a-text-bold\">Marca<\/span><\/td>\n<td class=\"a-span9\"><span class=\"a-size-base\">KIDAMI<\/span><\/td>\n<\/tr>\n<tr class=\"a-spacing-small\">\n<td class=\"a-span3\"><span class=\"a-size-base a-text-bold\">Dimensiones del art\u00edculo LxWxH<\/span><\/td>\n<td class=\"a-span9\"><span class=\"a-size-base\">11.26 x 6.73 x 1.61 pulgadas<\/span><\/td>\n<\/tr>\n<tr class=\"a-spacing-small\">\n<td class=\"a-span3\"><span class=\"a-size-base a-text-bold\">N\u00famero de reproductores<\/span><\/td>\n<td class=\"a-span9\"><span class=\"a-size-base\">2-4<\/span><\/td>\n<\/tr>\n<\/tbody>\n<\/table>\n<\/div>\n<\/div>\n<div id=\"featurebullets_feature_div\" class=\"celwidget\" data-feature-name=\"featurebullets\" data-csa-c-id=\"5czyss-sq6w0x-89xgkv-vm2gve\" data-cel-widget=\"featurebullets_feature_div\">\n<div id=\"feature-bullets\" class=\"a-section a-spacing-medium a-spacing-top-small\">\n<hr \/>\n<h4 class=\"a-size-base-plus a-text-bold\">Sobre este art\u00edculo<\/h4>\n<ul class=\"a-unordered-list a-vertical a-spacing-mini\">\n<li><span class=\"a-list-item\">Alta calidad: Hecho de pl\u00e1stico resistente con textura de grano de madera, le da hand-feel suave mientras ligero y port\u00e1til; well-crafted Ajedrez Piezas hacen que sea mucho m\u00e1s Deluxe;<\/span><\/li>\n<li><span class=\"a-list-item\">Luz magnetismo: cada piezas individuales tienen un luz atracci\u00f3n magn\u00e9tica a la 64-square terreno de juego; Luz magnetismo har\u00eda estable para jugar mientras no duro para mover la pieza;<\/span><\/li>\n<li><span class=\"a-list-item\">F\u00e1cil de transportar: Viene con dos bolsas de almacenamiento de tama\u00f1o para recoger las piezas y dos bolsas se puede en el interior de plegado tablero de ajedrez que tiene un candado, conveniente para viajar;<\/span><\/li>\n<li><span class=\"a-list-item\">Tama\u00f1o port\u00e1til: 12.4&#8243; x 10.6&#8243; x 0.8&#8243; (31,5\u00a0x 27\u00a0x 2,1\u00a0cm); 2.9&#8243; King juego de piezas; 2.5&#8243; Queen<\/span><\/li>\n<li><span class=\"a-list-item\">Simplemente embalaje: todos vienen en una caja de regalo decente simple, incluye un tablero de ajedrez piezas de ajedrez, 32, plegable, dos bolsas de almacenamiento y una gu\u00eda de usuario;<\/span><\/li>\n<\/ul>\n<\/div>\n<\/div>\n","protected":false},"excerpt":{"rendered":"<h4 class=\"a-size-base-plus a-text-bold\">Sobre este art\u00edculo<\/h4>\n<ul class=\"a-unordered-list a-vertical a-spacing-mini\">\n<li><span class=\"a-list-item\">Alta calidad: Hecho de pl\u00e1stico resistente con textura de grano de madera, le da hand-feel suave mientras ligero y port\u00e1til; well-crafted Ajedrez Piezas hacen que sea mucho m\u00e1s Deluxe;<\/span><\/li>\n<li><span class=\"a-list-item\">Luz magnetismo: cada piezas individuales tienen un luz atracci\u00f3n magn\u00e9tica a la 64-square terreno de juego; Luz magnetismo har\u00eda estable para jugar mientras no duro para mover la pieza;<\/span><\/li>\n<li><span class=\"a-list-item\">F\u00e1cil de transportar: Viene con dos bolsas de almacenamiento de tama\u00f1o para recoger las piezas y dos bolsas se puede en el interior de plegado tablero de ajedrez que tiene un candado, conveniente para viajar;<\/span><\/li>\n<li><span class=\"a-list-item\">Tama\u00f1o port\u00e1til: 12.4&#8243; x 10.6&#8243; x 0.8&#8243; (31,5\u00a0x 27\u00a0x 2,1\u00a0cm); 2.9&#8243; King juego de piezas; 2.5&#8243; Queen<\/span><\/li>\n<li><span class=\"a-list-item\">Simplemente embalaje: todos vienen en una caja de regalo decente simple, incluye un tablero de ajedrez piezas de ajedrez, 32, plegable, dos bolsas de almacenamiento y una gu\u00eda de usuario;<\/span><\/li>\n<\/ul>\n","protected":false},"featured_media":1267,"comment_status":"open","ping_status":"closed","template":"","meta":{"_themeisle_gutenberg_block_has_review":false},"product_brand":[],"product_cat":[115,29],"product_tag":[118,122],"class_list":{"0":"post-1266","1":"product","2":"type-product","3":"status-publish","4":"has-post-thumbnail","6":"product_cat-ajedrez","7":"product_cat-juegos-de-mesa","8":"product_tag-ajedrez","9":"product_tag-kidami","11":"first","12":"outofstock","13":"shipping-taxable","14":"purchasable","15":"product-type-simple"},"_links":{"self":[{"href":"https:\/\/magicgamesbolivia.com\/index.php\/wp-json\/wp\/v2\/product\/1266","targetHints":{"allow":["GET"]}}],"collection":[{"href":"https:\/\/magicgamesbolivia.com\/index.php\/wp-json\/wp\/v2\/product"}],"about":[{"href":"https:\/\/magicgamesbolivia.com\/index.php\/wp-json\/wp\/v2\/types\/product"}],"replies":[{"embeddable":true,"href":"https:\/\/magicgamesbolivia.com\/index.php\/wp-json\/wp\/v2\/comments?post=1266"}],"version-history":[{"count":1,"href":"https:\/\/magicgamesbolivia.com\/index.php\/wp-json\/wp\/v2\/product\/1266\/revisions"}],"predecessor-version":[{"id":1272,"href":"https:\/\/magicgamesbolivia.com\/index.php\/wp-json\/wp\/v2\/product\/1266\/revisions\/1272"}],"wp:featuredmedia":[{"embeddable":true,"href":"https:\/\/magicgamesbolivia.com\/index.php\/wp-json\/wp\/v2\/media\/1267"}],"wp:attachment":[{"href":"https:\/\/magicgamesbolivia.com\/index.php\/wp-json\/wp\/v2\/media?parent=1266"}],"wp:term":[{"taxonomy":"product_brand","embeddable":true,"href":"https:\/\/magicgamesbolivia.com\/index.php\/wp-json\/wp\/v2\/product_brand?post=1266"},{"taxonomy":"product_cat","embeddable":true,"href":"https:\/\/magicgamesbolivia.com\/index.php\/wp-json\/wp\/v2\/product_cat?post=1266"},{"taxonomy":"product_tag","embeddable":true,"href":"https:\/\/magicgamesbolivia.com\/index.php\/wp-json\/wp\/v2\/product_tag?post=1266"}],"curies":[{"name":"wp","href":"https:\/\/api.w.org\/{rel}","templated":true}]}}