{"id":1177,"date":"2021-03-17T01:22:36","date_gmt":"2021-03-17T01:22:36","guid":{"rendered":"https:\/\/magicgamesbolivia.com\/?post_type=product&#038;p=1177"},"modified":"2021-03-17T01:22:36","modified_gmt":"2021-03-17T01:22:36","slug":"yellow-yangtze","status":"publish","type":"product","link":"https:\/\/magicgamesbolivia.com\/index.php\/product\/yellow-yangtze\/","title":{"rendered":"YELLOW &#038; YANGTZE"},"content":{"rendered":"<p>El periodo de los Reinos Combatientes (475 \u2013 221 a. C.) fue una era de guerras interminables entre siete estados rivales: Qin,\u00a0Chu, Qi, Yan, Han, Wei y Zhao. Estos estados fueron unificados finalmente en el 221 a. C. por la dinast\u00eda Qin, lo cual ser\u00eda el origen de lo que hoy en d\u00eda conocemos como China, con sus dos r\u00edos principales: el r\u00edo Yellow y el Yangtze.\u00a0<em>Yellow &amp; Yangtze<\/em>, una reimplementaci\u00f3n del aclamado Tigris &amp; \u00c9ufrates, te invita a revisitar este memorable periodo y llevar tu dinast\u00eda a la victoria.<\/p>\n<p>En\u00a0<em>Yellow &amp; Yangtze<\/em>, los jugadores desarrollar\u00e1n sus civilizaciones mediante un sistema de colocaci\u00f3n de losetas, y tienen a su disposici\u00f3n para ello a cinco l\u00edderes distintos: Gobernador, Soldado, Granjero, Mercader y Artesano. Los l\u00edderes se utilizan para obtener puntos de victoria en estas categor\u00edas. Sin embargo, la puntuaci\u00f3n final de la partida ser\u00e1 la de tu categor\u00eda con menos puntos. Surgir\u00e1n conflictos cuando las civilizaciones se crucen en el tablero, y para lograr el \u00e9xito, las civilizaciones de los jugadores deber\u00e1n sobrevivir a estos conflictos, apaciguar las revueltas de los campesinos y lograr una seguridad que les permita construir prestigiosas pagodas.<\/p>\n","protected":false},"excerpt":{"rendered":"<p>En\u00a0<em>Yellow &amp; Yangtze<\/em>, los jugadores desarrollar\u00e1n sus civilizaciones mediante un sistema de colocaci\u00f3n de losetas, y tienen a su disposici\u00f3n para ello a cinco l\u00edderes distintos: Gobernador, Soldado, Granjero, Mercader y Artesano. Los l\u00edderes se utilizan para obtener puntos de victoria en estas categor\u00edas. Sin embargo, la puntuaci\u00f3n final de la partida ser\u00e1 la de tu categor\u00eda con menos puntos. Surgir\u00e1n conflictos cuando las civilizaciones se crucen en el tablero, y para lograr el \u00e9xito, las civilizaciones de los jugadores deber\u00e1n sobrevivir a estos conflictos, apaciguar las revueltas de los campesinos y lograr una seguridad que les permita construir prestigiosas pagodas.<\/p>\n","protected":false},"featured_media":1178,"comment_status":"open","ping_status":"closed","template":"","meta":{"_themeisle_gutenberg_block_has_review":false},"product_brand":[],"product_cat":[29,93],"product_tag":[103,102],"class_list":{"0":"post-1177","1":"product","2":"type-product","3":"status-publish","4":"has-post-thumbnail","6":"product_cat-juegos-de-mesa","7":"product_cat-maldito-games","8":"product_tag-yangtze","9":"product_tag-yellow","11":"first","12":"instock","13":"shipping-taxable","14":"purchasable","15":"product-type-simple"},"_links":{"self":[{"href":"https:\/\/magicgamesbolivia.com\/index.php\/wp-json\/wp\/v2\/product\/1177","targetHints":{"allow":["GET"]}}],"collection":[{"href":"https:\/\/magicgamesbolivia.com\/index.php\/wp-json\/wp\/v2\/product"}],"about":[{"href":"https:\/\/magicgamesbolivia.com\/index.php\/wp-json\/wp\/v2\/types\/product"}],"replies":[{"embeddable":true,"href":"https:\/\/magicgamesbolivia.com\/index.php\/wp-json\/wp\/v2\/comments?post=1177"}],"version-history":[{"count":1,"href":"https:\/\/magicgamesbolivia.com\/index.php\/wp-json\/wp\/v2\/product\/1177\/revisions"}],"predecessor-version":[{"id":1180,"href":"https:\/\/magicgamesbolivia.com\/index.php\/wp-json\/wp\/v2\/product\/1177\/revisions\/1180"}],"wp:featuredmedia":[{"embeddable":true,"href":"https:\/\/magicgamesbolivia.com\/index.php\/wp-json\/wp\/v2\/media\/1178"}],"wp:attachment":[{"href":"https:\/\/magicgamesbolivia.com\/index.php\/wp-json\/wp\/v2\/media?parent=1177"}],"wp:term":[{"taxonomy":"product_brand","embeddable":true,"href":"https:\/\/magicgamesbolivia.com\/index.php\/wp-json\/wp\/v2\/product_brand?post=1177"},{"taxonomy":"product_cat","embeddable":true,"href":"https:\/\/magicgamesbolivia.com\/index.php\/wp-json\/wp\/v2\/product_cat?post=1177"},{"taxonomy":"product_tag","embeddable":true,"href":"https:\/\/magicgamesbolivia.com\/index.php\/wp-json\/wp\/v2\/product_tag?post=1177"}],"curies":[{"name":"wp","href":"https:\/\/api.w.org\/{rel}","templated":true}]}}