{"id":1158,"date":"2021-03-17T00:35:29","date_gmt":"2021-03-17T00:35:29","guid":{"rendered":"https:\/\/magicgamesbolivia.com\/?post_type=product&#038;p=1158"},"modified":"2025-05-05T16:48:32","modified_gmt":"2025-05-05T16:48:32","slug":"terraforming-mars","status":"publish","type":"product","link":"https:\/\/magicgamesbolivia.com\/index.php\/product\/terraforming-mars\/","title":{"rendered":"TERRAFORMING MARS"},"content":{"rendered":"<p>\u201c<em>\u00a1La transformaci\u00f3n del planeta rojo ha comenzado!<\/em>\u201d<\/p>\n<p>En el a\u00f1o 2400, la humanidad comienza a terraformar el planeta Marte. Gigantescas corporaciones, patrocinadas por el gobierno mundial de la Tierra, empiezan enormes proyectos para elevar la temperatura, los niveles de ox\u00edgeno y la cobertura del planeta por oc\u00e9anos para que el medio ambiente sea habitable. Seg\u00fan avance la terraformaci\u00f3n, m\u00e1s y m\u00e1s personas migrar\u00e1n desde la Tierra para vivir en el planeta rojo. Controla una corporaci\u00f3n, juega cartas de proyecto, aumenta tu producci\u00f3n, coloca tus ciudades y \u00e1reas verdes sobre el mapa y lucha por los hitos y recompensas. \u00bfLiderar\u00e1 tu corporaci\u00f3n el camino hacia una nueva era de la Humanidad?<\/p>\n<p>En\u00a0<em>Terraforming Mars<\/em>, los jugadores desarrollan el rol de una corporaci\u00f3n con un perfil determinado y trabajan juntos en el proceso de terraformaci\u00f3n, pero compiten por obtener los puntos de victoria que otorgan no solo tus contribuciones a Marte,\u00a0sino tambi\u00e9n\u00a0las mejoras de la infraestructura humana a trav\u00e9s del sistema solar. Al comienzo de cada ronda (llamadas \u201cgeneraciones\u201d), adquirir\u00e1n cartas de proyecto \u00fanicas (de un mazo con m\u00e1s de 200), mediante las cuales podr\u00e1n hacer acciones muy variadas: desde introducir nuevas especies de vida vegetal o animal, hasta lanzar asteroides a la superficie marciana, construir ciudades o minar las lunas de J\u00fapiter para extraer valiosos recursos (acero, titanio, energ\u00eda\u2026). Los Proyectos Est\u00e1ndar tambi\u00e9n permiten a los jugadores terraformar Marte independientemente de los proyectos que se adquieran.<\/p>\n<p>Cuando los par\u00e1metros globales (temperatura, ox\u00edgeno y oc\u00e9anos) hayan alcanzado el nivel necesario, la terraformaci\u00f3n habr\u00e1 concluido y la partida terminar\u00e1 al finalizar esa generaci\u00f3n. Tras contabilizar los puntos de victoria, el jugador con un valor de terraformaci\u00f3n m\u00e1s alto \u00a1ser\u00e1 la corporaci\u00f3n vencedora!<\/p>\n","protected":false},"excerpt":{"rendered":"<p>En\u00a0<em>Terraforming Mars<\/em>, los jugadores desarrollan el rol de una corporaci\u00f3n con un perfil determinado y trabajan juntos en el proceso de terraformaci\u00f3n, pero compiten por obtener los puntos de victoria que otorgan no solo tus contribuciones a Marte,\u00a0sino tambi\u00e9n\u00a0las mejoras de la infraestructura humana a trav\u00e9s del sistema solar. Al comienzo de cada ronda (llamadas \u201cgeneraciones\u201d), adquirir\u00e1n cartas de proyecto \u00fanicas (de un mazo con m\u00e1s de 200), mediante las cuales podr\u00e1n hacer acciones muy variadas: desde introducir nuevas especies de vida vegetal o animal, hasta lanzar asteroides a la superficie marciana, construir ciudades o minar las lunas de J\u00fapiter para extraer valiosos recursos (acero, titanio, energ\u00eda\u2026). Los Proyectos Est\u00e1ndar tambi\u00e9n permiten a los jugadores terraformar Marte independientemente de los proyectos que se adquieran.<\/p>\n","protected":false},"featured_media":1159,"comment_status":"open","ping_status":"closed","template":"","meta":{"_themeisle_gutenberg_block_has_review":false},"product_brand":[],"product_cat":[29,93],"product_tag":[98,97],"class_list":{"0":"post-1158","1":"product","2":"type-product","3":"status-publish","4":"has-post-thumbnail","6":"product_cat-juegos-de-mesa","7":"product_cat-maldito-games","8":"product_tag-mars","9":"product_tag-terraforming","11":"first","12":"outofstock","13":"shipping-taxable","14":"purchasable","15":"product-type-simple"},"_links":{"self":[{"href":"https:\/\/magicgamesbolivia.com\/index.php\/wp-json\/wp\/v2\/product\/1158","targetHints":{"allow":["GET"]}}],"collection":[{"href":"https:\/\/magicgamesbolivia.com\/index.php\/wp-json\/wp\/v2\/product"}],"about":[{"href":"https:\/\/magicgamesbolivia.com\/index.php\/wp-json\/wp\/v2\/types\/product"}],"replies":[{"embeddable":true,"href":"https:\/\/magicgamesbolivia.com\/index.php\/wp-json\/wp\/v2\/comments?post=1158"}],"version-history":[{"count":1,"href":"https:\/\/magicgamesbolivia.com\/index.php\/wp-json\/wp\/v2\/product\/1158\/revisions"}],"predecessor-version":[{"id":1161,"href":"https:\/\/magicgamesbolivia.com\/index.php\/wp-json\/wp\/v2\/product\/1158\/revisions\/1161"}],"wp:featuredmedia":[{"embeddable":true,"href":"https:\/\/magicgamesbolivia.com\/index.php\/wp-json\/wp\/v2\/media\/1159"}],"wp:attachment":[{"href":"https:\/\/magicgamesbolivia.com\/index.php\/wp-json\/wp\/v2\/media?parent=1158"}],"wp:term":[{"taxonomy":"product_brand","embeddable":true,"href":"https:\/\/magicgamesbolivia.com\/index.php\/wp-json\/wp\/v2\/product_brand?post=1158"},{"taxonomy":"product_cat","embeddable":true,"href":"https:\/\/magicgamesbolivia.com\/index.php\/wp-json\/wp\/v2\/product_cat?post=1158"},{"taxonomy":"product_tag","embeddable":true,"href":"https:\/\/magicgamesbolivia.com\/index.php\/wp-json\/wp\/v2\/product_tag?post=1158"}],"curies":[{"name":"wp","href":"https:\/\/api.w.org\/{rel}","templated":true}]}}