{"id":1155,"date":"2021-03-17T00:09:33","date_gmt":"2021-03-17T00:09:33","guid":{"rendered":"https:\/\/magicgamesbolivia.com\/?post_type=product&#038;p=1155"},"modified":"2021-08-16T15:21:44","modified_gmt":"2021-08-16T15:21:44","slug":"teotihuacan-ciudad-de-dioses","status":"publish","type":"product","link":"https:\/\/magicgamesbolivia.com\/index.php\/product\/teotihuacan-ciudad-de-dioses\/","title":{"rendered":"TEOTIHUAC\u00c1N: CIUDAD DE DIOSES"},"content":{"rendered":"<p>Retrocede en el tiempo a la mayor ciudad de Mesoam\u00e9rica y convi\u00e9rtete en parte de su historia. S\u00e9 testigo de la gloria y el ocaso de esta poderosa civilizaci\u00f3n precolombina. Gana riqueza y recursos, gu\u00eda a tus asistentes, aseg\u00farate el favor de los dioses y convi\u00e9rtete en el constructor de la gloriosa Pir\u00e1mide del Sol.<\/p>\n<p><em>Teotihuac\u00e1n: Ciudad de Dioses<\/em>\u00a0es un juego de estrategia de gesti\u00f3n de recursos y trabajadores, que requiere de una planificaci\u00f3n h\u00e1bil y continua adaptaci\u00f3n. Cada jugador tiene bajo su control un grupo de dados que representan sus trabajadores a los que mueve a diferentes lugares de un tablero modular. Con cada movimiento, el jugador recoloca un trabajador en una nueva ubicaci\u00f3n, pudiendo elegir entre una de sus dos \u00e1reas para realizar una acci\u00f3n (y as\u00ed mejorar su mano de obra) o bien ganar una bonificaci\u00f3n muy ventajosa (pero sin mejorar sus trabajadores). A medida que se acerca el misterioso ocaso de Teotihuac\u00e1n, los jugadores podr\u00e1n investigar nuevas tecnolog\u00edas, hacer crecer la Pir\u00e1mide del Sol, construir hogares para los habitantes de la ciudad, recolectar m\u00e1scaras preciosas y ascender por los pelda\u00f1os de los tres magn\u00edficos templos para asegurarse los dones que conceden los dioses. Planea tu estrategia, ad\u00e1ptate a un tablero de juego diferente en cada partida y observa el cielo porque, con cada eclipse que llegue, tus esfuerzos ser\u00e1n evaluados y tu fama podr\u00e1 perdurar con el paso del tiempo.<\/p>\n<p>Los jugadores representan v\u00e1stagos de poderosas familias nobles que intentan alcanzar la gloria eterna mientras construyen Teotihuac\u00e1n. Consigue puntos de victoria de muchas formas: busca el favor de los dioses, s\u00e9 el mejor arquitecto de la pir\u00e1mide y hazte due\u00f1o de las zonas m\u00e1s prestigiosas de la Avenida de la Muerte. \u00a1Que los dioses te ayuden a conseguir la victoria!<\/p>\n","protected":false},"excerpt":{"rendered":"<p><em>Teotihuac\u00e1n: Ciudad de Dioses<\/em> es un juego de estrategia de gesti\u00f3n de recursos y trabajadores, que requiere de una planificaci\u00f3n h\u00e1bil y continua adaptaci\u00f3n. Cada jugador tiene bajo su control un grupo de dados que representan sus trabajadores a los que mueve a diferentes lugares de un tablero modular. Con cada movimiento, el jugador recoloca un trabajador en una nueva ubicaci\u00f3n, pudiendo elegir entre una de sus dos \u00e1reas para realizar una acci\u00f3n.<\/p>\n","protected":false},"featured_media":1156,"comment_status":"open","ping_status":"closed","template":"","meta":{"_themeisle_gutenberg_block_has_review":false},"product_brand":[],"product_cat":[29,93],"product_tag":[96,95],"class_list":{"0":"post-1155","1":"product","2":"type-product","3":"status-publish","4":"has-post-thumbnail","6":"product_cat-juegos-de-mesa","7":"product_cat-maldito-games","8":"product_tag-dioses","9":"product_tag-teotihuacan","11":"first","12":"outofstock","13":"shipping-taxable","14":"purchasable","15":"product-type-simple"},"_links":{"self":[{"href":"https:\/\/magicgamesbolivia.com\/index.php\/wp-json\/wp\/v2\/product\/1155","targetHints":{"allow":["GET"]}}],"collection":[{"href":"https:\/\/magicgamesbolivia.com\/index.php\/wp-json\/wp\/v2\/product"}],"about":[{"href":"https:\/\/magicgamesbolivia.com\/index.php\/wp-json\/wp\/v2\/types\/product"}],"replies":[{"embeddable":true,"href":"https:\/\/magicgamesbolivia.com\/index.php\/wp-json\/wp\/v2\/comments?post=1155"}],"version-history":[{"count":1,"href":"https:\/\/magicgamesbolivia.com\/index.php\/wp-json\/wp\/v2\/product\/1155\/revisions"}],"predecessor-version":[{"id":1157,"href":"https:\/\/magicgamesbolivia.com\/index.php\/wp-json\/wp\/v2\/product\/1155\/revisions\/1157"}],"wp:featuredmedia":[{"embeddable":true,"href":"https:\/\/magicgamesbolivia.com\/index.php\/wp-json\/wp\/v2\/media\/1156"}],"wp:attachment":[{"href":"https:\/\/magicgamesbolivia.com\/index.php\/wp-json\/wp\/v2\/media?parent=1155"}],"wp:term":[{"taxonomy":"product_brand","embeddable":true,"href":"https:\/\/magicgamesbolivia.com\/index.php\/wp-json\/wp\/v2\/product_brand?post=1155"},{"taxonomy":"product_cat","embeddable":true,"href":"https:\/\/magicgamesbolivia.com\/index.php\/wp-json\/wp\/v2\/product_cat?post=1155"},{"taxonomy":"product_tag","embeddable":true,"href":"https:\/\/magicgamesbolivia.com\/index.php\/wp-json\/wp\/v2\/product_tag?post=1155"}],"curies":[{"name":"wp","href":"https:\/\/api.w.org\/{rel}","templated":true}]}}