{"id":1144,"date":"2021-03-16T23:50:55","date_gmt":"2021-03-16T23:50:55","guid":{"rendered":"https:\/\/magicgamesbolivia.com\/?post_type=product&#038;p=1144"},"modified":"2021-09-06T19:12:13","modified_gmt":"2021-09-06T19:12:13","slug":"los-viajes-de-marco-polo","status":"publish","type":"product","link":"https:\/\/magicgamesbolivia.com\/index.php\/product\/los-viajes-de-marco-polo\/","title":{"rendered":"LOS VIAJES DE MARCO POLO"},"content":{"rendered":"<p>Con Los Viajes de Marco Polo,y tambi\u00e9n con Russian Railroads, Devir suma a su cat\u00e1logo los dos \u00faltimos juegos ganadores de uno de los premios m\u00e1s prestigiosos, el Deutscher Spielepreis. En \u00e9l, los jugadores encarnan a uno de los mercaderes que junto con Marco Polo o en solitario viajaron al Lejano Oriente. Partiendo de Venecia, la ruta que elija cada jugador afectar\u00e1 la suerte del viaje que emprenda. Esta decisi\u00f3n debe tomarse con mucho<br \/>\ncuidado\u2026 \u00bfte dirigir\u00e1s directamente a Pek\u00edn? O, por el contrario, \u00bfseguir\u00e1s la ex\u00f3tica ruta a trav\u00e9s de Sumatra?<\/p>\n<p>&nbsp;<\/p>\n<p>Este juego dispone de 59 cartas y las corresponden fundas de 45x70mm<\/p>\n","protected":false},"excerpt":{"rendered":"<p>Con Los Viajes de Marco Polo,y tambi\u00e9n con Russian Railroads, Devir suma a su cat\u00e1logo los dos \u00faltimos juegos ganadores de uno de los premios m\u00e1s prestigiosos, el Deutscher Spielepreis. En \u00e9l, los jugadores encarnan a uno de los mercaderes que junto con Marco Polo o en solitario viajaron al Lejano Oriente. Partiendo de Venecia, la ruta que elija cada jugador afectar\u00e1 la suerte del viaje que emprenda. Esta decisi\u00f3n debe tomarse con mucho<br \/>\ncuidado\u2026 \u00bfte dirigir\u00e1s directamente a Pek\u00edn? O, por el contrario, \u00bfseguir\u00e1s la ex\u00f3tica ruta a trav\u00e9s de Sumatra?<\/p>\n<p>&nbsp;<\/p>\n<p>Este juego dispone de 59 cartas y las corresponden fundas de 45x70mm<\/p>\n","protected":false},"featured_media":1145,"comment_status":"open","ping_status":"closed","template":"","meta":{"_themeisle_gutenberg_block_has_review":false},"product_brand":[],"product_cat":[30,29],"product_tag":[89,90],"class_list":{"0":"post-1144","1":"product","2":"type-product","3":"status-publish","4":"has-post-thumbnail","6":"product_cat-devir","7":"product_cat-juegos-de-mesa","8":"product_tag-marco","9":"product_tag-polo","11":"first","12":"outofstock","13":"shipping-taxable","14":"purchasable","15":"product-type-simple"},"_links":{"self":[{"href":"https:\/\/magicgamesbolivia.com\/index.php\/wp-json\/wp\/v2\/product\/1144","targetHints":{"allow":["GET"]}}],"collection":[{"href":"https:\/\/magicgamesbolivia.com\/index.php\/wp-json\/wp\/v2\/product"}],"about":[{"href":"https:\/\/magicgamesbolivia.com\/index.php\/wp-json\/wp\/v2\/types\/product"}],"replies":[{"embeddable":true,"href":"https:\/\/magicgamesbolivia.com\/index.php\/wp-json\/wp\/v2\/comments?post=1144"}],"version-history":[{"count":1,"href":"https:\/\/magicgamesbolivia.com\/index.php\/wp-json\/wp\/v2\/product\/1144\/revisions"}],"predecessor-version":[{"id":1146,"href":"https:\/\/magicgamesbolivia.com\/index.php\/wp-json\/wp\/v2\/product\/1144\/revisions\/1146"}],"wp:featuredmedia":[{"embeddable":true,"href":"https:\/\/magicgamesbolivia.com\/index.php\/wp-json\/wp\/v2\/media\/1145"}],"wp:attachment":[{"href":"https:\/\/magicgamesbolivia.com\/index.php\/wp-json\/wp\/v2\/media?parent=1144"}],"wp:term":[{"taxonomy":"product_brand","embeddable":true,"href":"https:\/\/magicgamesbolivia.com\/index.php\/wp-json\/wp\/v2\/product_brand?post=1144"},{"taxonomy":"product_cat","embeddable":true,"href":"https:\/\/magicgamesbolivia.com\/index.php\/wp-json\/wp\/v2\/product_cat?post=1144"},{"taxonomy":"product_tag","embeddable":true,"href":"https:\/\/magicgamesbolivia.com\/index.php\/wp-json\/wp\/v2\/product_tag?post=1144"}],"curies":[{"name":"wp","href":"https:\/\/api.w.org\/{rel}","templated":true}]}}