{"id":1135,"date":"2021-03-12T18:02:03","date_gmt":"2021-03-12T18:02:03","guid":{"rendered":"https:\/\/magicgamesbolivia.com\/?post_type=product&#038;p=1135"},"modified":"2026-01-14T14:26:30","modified_gmt":"2026-01-14T14:26:30","slug":"la-resistencia","status":"publish","type":"product","link":"https:\/\/magicgamesbolivia.com\/index.php\/product\/la-resistencia\/","title":{"rendered":"LA RESISTENCIA"},"content":{"rendered":"<p>La Resistencia es un juego de identidades secretas, deducci\u00f3n y enga\u00f1o con gran interacci\u00f3n.<\/p>\n<p>Los jugadores son miembros de la Resistencia, una organizaci\u00f3n encubierta que lucha contra un gobierno maligno. Pero en la organizaci\u00f3n se han infiltrado esp\u00edas para frustrar sus planes. \u00bfSer\u00e1 capaz la Resistencia de descubrir a tiempo a los malvados esp\u00edas?<\/p>\n<p>La Resistencia incluye una expansi\u00f3n, \u201cLa Trama se Complica\u201d, que ofrece a\u00fan m\u00e1s posibilidades de identificaci\u00f3n y enga\u00f1o.<\/p>\n<p>Este juego dispone de 35 cartas y las corresponden fundas de\u00a065x90mm.<\/p>\n","protected":false},"excerpt":{"rendered":"<p>La Resistencia es un juego de identidades secretas, deducci\u00f3n y enga\u00f1o con gran interacci\u00f3n.<\/p>\n<p>Los jugadores son miembros de la Resistencia, una organizaci\u00f3n encubierta que lucha contra un gobierno maligno. Pero en la organizaci\u00f3n se han infiltrado esp\u00edas para frustrar sus planes. \u00bfSer\u00e1 capaz la Resistencia de descubrir a tiempo a los malvados esp\u00edas?<\/p>\n<p>La Resistencia incluye una expansi\u00f3n, \u201cLa Trama se Complica\u201d, que ofrece a\u00fan m\u00e1s posibilidades de identificaci\u00f3n y enga\u00f1o.<\/p>\n<p>Este juego dispone de 35 cartas y las corresponden fundas de\u00a065x90mm.<\/p>\n","protected":false},"featured_media":1136,"comment_status":"open","ping_status":"closed","template":"","meta":{"_themeisle_gutenberg_block_has_review":false},"product_brand":[],"product_cat":[29,30],"product_tag":[87],"class_list":{"0":"post-1135","1":"product","2":"type-product","3":"status-publish","4":"has-post-thumbnail","6":"product_cat-juegos-de-mesa","7":"product_cat-devir","8":"product_tag-resistencia","10":"first","11":"instock","12":"shipping-taxable","13":"purchasable","14":"product-type-simple"},"_links":{"self":[{"href":"https:\/\/magicgamesbolivia.com\/index.php\/wp-json\/wp\/v2\/product\/1135","targetHints":{"allow":["GET"]}}],"collection":[{"href":"https:\/\/magicgamesbolivia.com\/index.php\/wp-json\/wp\/v2\/product"}],"about":[{"href":"https:\/\/magicgamesbolivia.com\/index.php\/wp-json\/wp\/v2\/types\/product"}],"replies":[{"embeddable":true,"href":"https:\/\/magicgamesbolivia.com\/index.php\/wp-json\/wp\/v2\/comments?post=1135"}],"version-history":[{"count":2,"href":"https:\/\/magicgamesbolivia.com\/index.php\/wp-json\/wp\/v2\/product\/1135\/revisions"}],"predecessor-version":[{"id":2761,"href":"https:\/\/magicgamesbolivia.com\/index.php\/wp-json\/wp\/v2\/product\/1135\/revisions\/2761"}],"wp:featuredmedia":[{"embeddable":true,"href":"https:\/\/magicgamesbolivia.com\/index.php\/wp-json\/wp\/v2\/media\/1136"}],"wp:attachment":[{"href":"https:\/\/magicgamesbolivia.com\/index.php\/wp-json\/wp\/v2\/media?parent=1135"}],"wp:term":[{"taxonomy":"product_brand","embeddable":true,"href":"https:\/\/magicgamesbolivia.com\/index.php\/wp-json\/wp\/v2\/product_brand?post=1135"},{"taxonomy":"product_cat","embeddable":true,"href":"https:\/\/magicgamesbolivia.com\/index.php\/wp-json\/wp\/v2\/product_cat?post=1135"},{"taxonomy":"product_tag","embeddable":true,"href":"https:\/\/magicgamesbolivia.com\/index.php\/wp-json\/wp\/v2\/product_tag?post=1135"}],"curies":[{"name":"wp","href":"https:\/\/api.w.org\/{rel}","templated":true}]}}