{"id":1131,"date":"2021-03-12T04:27:53","date_gmt":"2021-03-12T04:27:53","guid":{"rendered":"https:\/\/magicgamesbolivia.com\/?post_type=product&#038;p=1131"},"modified":"2025-10-03T01:57:27","modified_gmt":"2025-10-03T01:57:27","slug":"sushi-go","status":"publish","type":"product","link":"https:\/\/magicgamesbolivia.com\/index.php\/product\/sushi-go\/","title":{"rendered":"SUSHI GO!"},"content":{"rendered":"<p><em>Acabas de pedir tu orden de sushi, est\u00e1s\u00a0muriendo de hambre\u00a0y todo lo que deseas es poder sacar tus palillos, separarlos y empezar a disfrutar tu orden.\u00a0Se acerca el mozo con la tabla y en cuanto el llega a tu mesa ves tu sushi\u00a0pero con unas caras demasiados tiernas y lindas como para comerlos.<\/em><\/p>\n<p>Ganas puntos combinando cartas, por ejemplo juntando m\u00e1s makis que tus amigos o si re\u00fanes un tr\u00edo de sashimi. Apl\u00edcale wasabi a tu nigiri favorito y triplica su valor, pero siempre aseg\u00farate de dejar un espacio para el postre. Junta m\u00e1s puntos que los dem\u00e1s y demuestra porque eres el rey del sushi entre tu familia y amigos.<\/p>\n<p>Sushi Go! es un juego de mesa editado por Devir que llega a nuestra carta, pensado para 2 a 5 jugadores, el juego consta de 3 rondas, en cada ronda los jugadores deber\u00e1n robar 5 cartas, de estas escoger\u00e1n 1 y tendr\u00e1n que pasar las 4 restantes a la persona al lado y as\u00ed sucesivamente hasta que no queden cartas en las manos, el objetivo del juego es realizar las mejores combinaciones de sushi para obtener el mayor puntaje.<\/p>\n","protected":false},"excerpt":{"rendered":"<p><em>Acabas de pedir tu orden de sushi, est\u00e1s\u00a0muriendo de hambre\u00a0y todo lo que deseas es poder sacar tus palillos, separarlos y empezar a disfrutar tu orden.\u00a0Se acerca el mozo con la tabla y en cuanto el llega a tu mesa ves tu sushi\u00a0pero con unas caras demasiados tiernas y lindas como para comerlos.<\/em><\/p>\n<p><iframe src=\"https:\/\/www.youtube.com\/embed\/dW5RcOVyFVw\" width=\"560\" height=\"315\" frameborder=\"0\" allowfullscreen=\"allowfullscreen\"><\/iframe><\/p>\n","protected":false},"featured_media":1132,"comment_status":"open","ping_status":"closed","template":"","meta":{"_themeisle_gutenberg_block_has_review":false},"product_brand":[],"product_cat":[29,30],"product_tag":[86,85],"class_list":{"0":"post-1131","1":"product","2":"type-product","3":"status-publish","4":"has-post-thumbnail","6":"product_cat-juegos-de-mesa","7":"product_cat-devir","8":"product_tag-go","9":"product_tag-sushi","11":"first","12":"instock","13":"shipping-taxable","14":"purchasable","15":"product-type-simple"},"_links":{"self":[{"href":"https:\/\/magicgamesbolivia.com\/index.php\/wp-json\/wp\/v2\/product\/1131","targetHints":{"allow":["GET"]}}],"collection":[{"href":"https:\/\/magicgamesbolivia.com\/index.php\/wp-json\/wp\/v2\/product"}],"about":[{"href":"https:\/\/magicgamesbolivia.com\/index.php\/wp-json\/wp\/v2\/types\/product"}],"replies":[{"embeddable":true,"href":"https:\/\/magicgamesbolivia.com\/index.php\/wp-json\/wp\/v2\/comments?post=1131"}],"version-history":[{"count":1,"href":"https:\/\/magicgamesbolivia.com\/index.php\/wp-json\/wp\/v2\/product\/1131\/revisions"}],"predecessor-version":[{"id":1134,"href":"https:\/\/magicgamesbolivia.com\/index.php\/wp-json\/wp\/v2\/product\/1131\/revisions\/1134"}],"wp:featuredmedia":[{"embeddable":true,"href":"https:\/\/magicgamesbolivia.com\/index.php\/wp-json\/wp\/v2\/media\/1132"}],"wp:attachment":[{"href":"https:\/\/magicgamesbolivia.com\/index.php\/wp-json\/wp\/v2\/media?parent=1131"}],"wp:term":[{"taxonomy":"product_brand","embeddable":true,"href":"https:\/\/magicgamesbolivia.com\/index.php\/wp-json\/wp\/v2\/product_brand?post=1131"},{"taxonomy":"product_cat","embeddable":true,"href":"https:\/\/magicgamesbolivia.com\/index.php\/wp-json\/wp\/v2\/product_cat?post=1131"},{"taxonomy":"product_tag","embeddable":true,"href":"https:\/\/magicgamesbolivia.com\/index.php\/wp-json\/wp\/v2\/product_tag?post=1131"}],"curies":[{"name":"wp","href":"https:\/\/api.w.org\/{rel}","templated":true}]}}