{"id":1127,"date":"2021-03-12T04:24:48","date_gmt":"2021-03-12T04:24:48","guid":{"rendered":"https:\/\/magicgamesbolivia.com\/?post_type=product&#038;p=1127"},"modified":"2022-11-20T17:44:26","modified_gmt":"2022-11-20T17:44:26","slug":"el-banquete-de-odin","status":"publish","type":"product","link":"https:\/\/magicgamesbolivia.com\/index.php\/product\/el-banquete-de-odin\/","title":{"rendered":"EL BANQUETE DE OD\u00cdN"},"content":{"rendered":"<p>Sum\u00e9rgete en el mundo de los vikingos y ponte en la piel de un mercader, un cazador o un saqueador.\u00a0Construye casas, descubre tierras lejanas y celebra ronda tras ronda el banquete en honor a Od\u00edn.<\/p>\n<p>En este soberbio juego de estrategia el dise\u00f1ador Uwe Rosenberg te har\u00e1 revivir la \u00e9poca de mayor\u00a0expansi\u00f3n escandinava. La multitud de posibilidades y oficios que tendr\u00e1n tus vikingos te ofrecer\u00e1\u00a0una experiencia de juego de lo m\u00e1s intensa, donde cada partida\u00a0supondr\u00e1 un nuevo puzle que tendr\u00e1s que resolver.<\/p>\n<hr \/>\n<h4>Componentes del juego<\/h4>\n<ul>\n<li>Tablero de Acciones\u00a0<em>(de cart\u00f3n)<\/em><\/li>\n<li>2 Losetas de Ampliaci\u00f3n del Tablero de Acciones\u00a0<em>(de cart\u00f3n)<\/em><\/li>\n<li>4 Tableros Individuales<em>\u00a0(de cart\u00f3n)<\/em><\/li>\n<li>Tablero Ovalado de Losetas Especiales\u00a0<em>(de cart\u00f3n)<\/em><\/li>\n<li>Tablero de Fases de Ronda<em>\u00a0(de cart\u00f3n)<\/em><\/li>\n<li>Cubo Marcador de Fases de Ronda\u00a0<em>(de madera)<\/em><\/li>\n<li>Tablero de Suministro de Barcos\u00a0<em>(de cart\u00f3n)<\/em><\/li>\n<li>4 Tableros de Territorio a\u00a0doble cara\u00a0<em>(de cart\u00f3n)<\/em><\/li>\n<li>Dado Naranja de 8 Caras<em>\u00a0(de baquelita)<\/em><\/li>\n<li>Dado Azul de 12 Caras\u00a0<em>(de baquelita)<\/em><\/li>\n<li>2 Bandejas Clasificadoras<em>\u00a0(de pl\u00e1stico)<\/em><\/li>\n<li>15 Losetas Especiales<em>\u00a0(de cart\u00f3n)<\/em><\/li>\n<li>11 Edificios\u00a0<em>(de cart\u00f3n):<\/em>\n<ul>\n<li>3 Cobertizos<\/li>\n<li>3 Casas de Piedra<\/li>\n<li>5 Casas Comunales<\/li>\n<\/ul>\n<\/li>\n<li>8 Tiras de Monta\u00f1a\u00a0<em>(de cart\u00f3n)<\/em><\/li>\n<li>32 Barcos\u00a0<em>(de cart\u00f3n):<\/em>\n<ul>\n<li>10 Botes Balleneros<\/li>\n<li>12 Knarr<\/li>\n<li>10 Drakkar<\/li>\n<\/ul>\n<\/li>\n<li>125 Monedas de Plata<em>\u00a0(de cart\u00f3n):<\/em>\n<ul>\n<li>80 de 1 Moneda<\/li>\n<li>22 de 2 Monedas<\/li>\n<li>18 de 4 Monedas<\/li>\n<li>5 de 10 Monedas<\/li>\n<\/ul>\n<\/li>\n<li>32 Maderas\u00a0<em>(de madera)<\/em><\/li>\n<li>24 Piedras<em>\u00a0(de madera)<\/em><\/li>\n<li>40 Minerales<em>\u00a0(de madera)<\/em><\/li>\n<li>237 Cartas (44\u00d768 mm.):\n<ul>\n<li>190 Cartas de Oficio, divididas en 3 mazos<em>\u00a0(A, B y C)<\/em><\/li>\n<li>47 Cartas de Armas\u00a0<em>(12 Arcos, 12 Trampas, 12 Lanzas y 11 Espadas)<\/em><\/li>\n<\/ul>\n<\/li>\n<li>7 Fichas de Sanci\u00f3n del Thing<\/li>\n<li>346 Losetas de Productos a doble cara\u00a0<em>(de cart\u00f3n):<\/em>\n<ul>\n<li>25 de Guisantes\/Hidromiel<\/li>\n<li>18 de Oveja\/Oveja Embarazada<\/li>\n<li>15 de Res\/Res Embarazada<\/li>\n<li>20 de Planta de Lino\/Pescado Seco<\/li>\n<li>20 de Habas\/Leche<\/li>\n<li>20 de Cereales\/Carne Salada<\/li>\n<li>17 de Col\/Carne de Venado<\/li>\n<li>15 de Fruta\/Carne de Ballena<\/li>\n<li>43 de Aceite\/Piedra R\u00fanica<\/li>\n<li>30 de Cuero\/Cuberter\u00eda de plata<\/li>\n<li>30 de Lana\/Ba\u00fal<\/li>\n<li>20 de Tela de Lino\/Seda<\/li>\n<li>20 de \u201cPiel y Huesos\u201d\/Especias<\/li>\n<li>20 de Pieles\/Joyas<\/li>\n<li>18 de Capa\/Cofre<\/li>\n<li>15 de T\u00fanica \/ Bot\u00edn de Plata<\/li>\n<\/ul>\n<\/li>\n<li>48 Vikingos\u00a0<em>(12 de cada color: negro, azul, rojo y amarillo) (de madera)<\/em><\/li>\n<li>Alce de Jugador Inicial\u00a0<em>(de madera)<\/em><\/li>\n<li>Almanaque<\/li>\n<li>Ap\u00e9ndice<\/li>\n<li>Reglamento<\/li>\n<\/ul>\n","protected":false},"excerpt":{"rendered":"<p>Sum\u00e9rgete en el mundo de los vikingos y ponte en la piel de un mercader, un cazador o un saqueador.\u00a0Construye casas, descubre tierras lejanas y celebra ronda tras ronda el banquete en honor a Od\u00edn.<\/p>\n","protected":false},"featured_media":1128,"comment_status":"open","ping_status":"closed","template":"","meta":{"_themeisle_gutenberg_block_has_review":false},"product_brand":[],"product_cat":[29,30],"product_tag":[83,84],"class_list":{"0":"post-1127","1":"product","2":"type-product","3":"status-publish","4":"has-post-thumbnail","6":"product_cat-juegos-de-mesa","7":"product_cat-devir","8":"product_tag-banquete","9":"product_tag-odin","11":"first","12":"outofstock","13":"shipping-taxable","14":"purchasable","15":"product-type-simple"},"_links":{"self":[{"href":"https:\/\/magicgamesbolivia.com\/index.php\/wp-json\/wp\/v2\/product\/1127","targetHints":{"allow":["GET"]}}],"collection":[{"href":"https:\/\/magicgamesbolivia.com\/index.php\/wp-json\/wp\/v2\/product"}],"about":[{"href":"https:\/\/magicgamesbolivia.com\/index.php\/wp-json\/wp\/v2\/types\/product"}],"replies":[{"embeddable":true,"href":"https:\/\/magicgamesbolivia.com\/index.php\/wp-json\/wp\/v2\/comments?post=1127"}],"version-history":[{"count":1,"href":"https:\/\/magicgamesbolivia.com\/index.php\/wp-json\/wp\/v2\/product\/1127\/revisions"}],"predecessor-version":[{"id":1130,"href":"https:\/\/magicgamesbolivia.com\/index.php\/wp-json\/wp\/v2\/product\/1127\/revisions\/1130"}],"wp:featuredmedia":[{"embeddable":true,"href":"https:\/\/magicgamesbolivia.com\/index.php\/wp-json\/wp\/v2\/media\/1128"}],"wp:attachment":[{"href":"https:\/\/magicgamesbolivia.com\/index.php\/wp-json\/wp\/v2\/media?parent=1127"}],"wp:term":[{"taxonomy":"product_brand","embeddable":true,"href":"https:\/\/magicgamesbolivia.com\/index.php\/wp-json\/wp\/v2\/product_brand?post=1127"},{"taxonomy":"product_cat","embeddable":true,"href":"https:\/\/magicgamesbolivia.com\/index.php\/wp-json\/wp\/v2\/product_cat?post=1127"},{"taxonomy":"product_tag","embeddable":true,"href":"https:\/\/magicgamesbolivia.com\/index.php\/wp-json\/wp\/v2\/product_tag?post=1127"}],"curies":[{"name":"wp","href":"https:\/\/api.w.org\/{rel}","templated":true}]}}