{"id":1108,"date":"2021-03-12T03:55:44","date_gmt":"2021-03-12T03:55:44","guid":{"rendered":"https:\/\/magicgamesbolivia.com\/?post_type=product&#038;p=1108"},"modified":"2025-10-28T00:39:54","modified_gmt":"2025-10-28T00:39:54","slug":"el-monstruo-de-colores","status":"publish","type":"product","link":"https:\/\/magicgamesbolivia.com\/index.php\/product\/el-monstruo-de-colores\/","title":{"rendered":"EL MOSTRUO DE COLORES"},"content":{"rendered":"<p><strong>El monstruo de colores<\/strong>\u00a0es un juego de mesa para ni\u00f1os basado en el popular personaje del cuento que divertir\u00e1 a toda la familia. Est\u00e1 recomendado a partir de 4 a\u00f1os, pero toda la familia disfrutar\u00e1 con la diversi\u00f3n que generar\u00e1 este gran juego basado en el multipremiado libro infantil del mismo nombre.<\/p>\n","protected":false},"excerpt":{"rendered":"<p><strong>El monstruo de colores<\/strong>\u00a0es un juego de mesa para ni\u00f1os basado en el popular personaje del cuento que divertir\u00e1 a toda la familia. Est\u00e1 recomendado a partir de 4 a\u00f1os, pero toda la familia disfrutar\u00e1 con la diversi\u00f3n que generar\u00e1 este gran juego basado en el multipremiado libro infantil del mismo nombre.<\/p>\n","protected":false},"featured_media":1109,"comment_status":"open","ping_status":"closed","template":"","meta":{"_themeisle_gutenberg_block_has_review":false},"product_brand":[],"product_cat":[29,30,57],"product_tag":[78,77],"class_list":{"0":"post-1108","1":"product","2":"type-product","3":"status-publish","4":"has-post-thumbnail","6":"product_cat-juegos-de-mesa","7":"product_cat-devir","8":"product_cat-juegos-infantiles","9":"product_tag-colores","10":"product_tag-monstruo","12":"first","13":"instock","14":"shipping-taxable","15":"purchasable","16":"product-type-simple"},"_links":{"self":[{"href":"https:\/\/magicgamesbolivia.com\/index.php\/wp-json\/wp\/v2\/product\/1108","targetHints":{"allow":["GET"]}}],"collection":[{"href":"https:\/\/magicgamesbolivia.com\/index.php\/wp-json\/wp\/v2\/product"}],"about":[{"href":"https:\/\/magicgamesbolivia.com\/index.php\/wp-json\/wp\/v2\/types\/product"}],"replies":[{"embeddable":true,"href":"https:\/\/magicgamesbolivia.com\/index.php\/wp-json\/wp\/v2\/comments?post=1108"}],"version-history":[{"count":3,"href":"https:\/\/magicgamesbolivia.com\/index.php\/wp-json\/wp\/v2\/product\/1108\/revisions"}],"predecessor-version":[{"id":3638,"href":"https:\/\/magicgamesbolivia.com\/index.php\/wp-json\/wp\/v2\/product\/1108\/revisions\/3638"}],"wp:featuredmedia":[{"embeddable":true,"href":"https:\/\/magicgamesbolivia.com\/index.php\/wp-json\/wp\/v2\/media\/1109"}],"wp:attachment":[{"href":"https:\/\/magicgamesbolivia.com\/index.php\/wp-json\/wp\/v2\/media?parent=1108"}],"wp:term":[{"taxonomy":"product_brand","embeddable":true,"href":"https:\/\/magicgamesbolivia.com\/index.php\/wp-json\/wp\/v2\/product_brand?post=1108"},{"taxonomy":"product_cat","embeddable":true,"href":"https:\/\/magicgamesbolivia.com\/index.php\/wp-json\/wp\/v2\/product_cat?post=1108"},{"taxonomy":"product_tag","embeddable":true,"href":"https:\/\/magicgamesbolivia.com\/index.php\/wp-json\/wp\/v2\/product_tag?post=1108"}],"curies":[{"name":"wp","href":"https:\/\/api.w.org\/{rel}","templated":true}]}}