{"id":1105,"date":"2021-03-12T03:52:02","date_gmt":"2021-03-12T03:52:02","guid":{"rendered":"https:\/\/magicgamesbolivia.com\/?post_type=product&#038;p=1105"},"modified":"2023-12-19T21:54:17","modified_gmt":"2023-12-19T21:54:17","slug":"terra-mystica","status":"publish","type":"product","link":"https:\/\/magicgamesbolivia.com\/index.php\/product\/terra-mystica\/","title":{"rendered":"TERRA MYSTICA"},"content":{"rendered":"<p>Terra Mystica es un juego de estrategia con unas bases muy sencillas y una m\u00ednima presencia del factor suerte. Cada jugador gobierna sobre una facci\u00f3n y trata de transformar el terreno en su propio beneficio para as\u00ed construir diversas estructuras. La proximidad de otros jugadores en el tablero limita sus posibilidades de expansi\u00f3n, pero a la vez puede aportar otro tipo de beneficios. El atractivo de Terra\u00a0Mystica se apoya precisamente en este dilema.<\/p>\n<p>Las 14 facciones del juego est\u00e1n dise\u00f1adas con sumo cuidado. Cada una posee sus propias habilidades especiales, que en combinaci\u00f3n con las diversas losetas de bonificaci\u00f3n garantizan una amplia variedad de partidas y situaciones para que nunca os cans\u00e9is de jugar.<\/p>\n<p>Terra Mystica ha contado con el inestimable apoyo de Uwe Rosenberg durante el desarrollo de las mec\u00e1nicas de juego.<\/p>\n","protected":false},"excerpt":{"rendered":"<p>Terra Mystica es un juego de estrategia con unas bases muy sencillas y una m\u00ednima presencia del factor suerte. Cada jugador gobierna sobre una facci\u00f3n y trata de transformar el terreno en su propio beneficio para as\u00ed construir diversas estructuras. La proximidad de otros jugadores en el tablero limita sus posibilidades de expansi\u00f3n, pero a la vez puede aportar otro tipo de beneficios. El atractivo de Terra\u00a0Mystica se apoya precisamente en este dilema.<\/p>\n","protected":false},"featured_media":1106,"comment_status":"open","ping_status":"closed","template":"","meta":{"_themeisle_gutenberg_block_has_review":false},"product_brand":[],"product_cat":[29,30],"product_tag":[76,75],"class_list":{"0":"post-1105","1":"product","2":"type-product","3":"status-publish","4":"has-post-thumbnail","6":"product_cat-juegos-de-mesa","7":"product_cat-devir","8":"product_tag-mystica","9":"product_tag-terra","11":"first","12":"outofstock","13":"shipping-taxable","14":"purchasable","15":"product-type-simple"},"_links":{"self":[{"href":"https:\/\/magicgamesbolivia.com\/index.php\/wp-json\/wp\/v2\/product\/1105","targetHints":{"allow":["GET"]}}],"collection":[{"href":"https:\/\/magicgamesbolivia.com\/index.php\/wp-json\/wp\/v2\/product"}],"about":[{"href":"https:\/\/magicgamesbolivia.com\/index.php\/wp-json\/wp\/v2\/types\/product"}],"replies":[{"embeddable":true,"href":"https:\/\/magicgamesbolivia.com\/index.php\/wp-json\/wp\/v2\/comments?post=1105"}],"version-history":[{"count":1,"href":"https:\/\/magicgamesbolivia.com\/index.php\/wp-json\/wp\/v2\/product\/1105\/revisions"}],"predecessor-version":[{"id":1107,"href":"https:\/\/magicgamesbolivia.com\/index.php\/wp-json\/wp\/v2\/product\/1105\/revisions\/1107"}],"wp:featuredmedia":[{"embeddable":true,"href":"https:\/\/magicgamesbolivia.com\/index.php\/wp-json\/wp\/v2\/media\/1106"}],"wp:attachment":[{"href":"https:\/\/magicgamesbolivia.com\/index.php\/wp-json\/wp\/v2\/media?parent=1105"}],"wp:term":[{"taxonomy":"product_brand","embeddable":true,"href":"https:\/\/magicgamesbolivia.com\/index.php\/wp-json\/wp\/v2\/product_brand?post=1105"},{"taxonomy":"product_cat","embeddable":true,"href":"https:\/\/magicgamesbolivia.com\/index.php\/wp-json\/wp\/v2\/product_cat?post=1105"},{"taxonomy":"product_tag","embeddable":true,"href":"https:\/\/magicgamesbolivia.com\/index.php\/wp-json\/wp\/v2\/product_tag?post=1105"}],"curies":[{"name":"wp","href":"https:\/\/api.w.org\/{rel}","templated":true}]}}