{"id":1095,"date":"2021-03-12T03:34:27","date_gmt":"2021-03-12T03:34:27","guid":{"rendered":"https:\/\/magicgamesbolivia.com\/?post_type=product&#038;p=1095"},"modified":"2025-04-17T02:20:00","modified_gmt":"2025-04-17T02:20:00","slug":"through-the-ages","status":"publish","type":"product","link":"https:\/\/magicgamesbolivia.com\/index.php\/product\/through-the-ages\/","title":{"rendered":"Through the Ages"},"content":{"rendered":"<p>\u00bfTienes lo necesario para liderar a tu civilizaci\u00f3n a trav\u00e9s de las eras?<\/p>\n<p>Through the Ages es un emocionante juego de estrategia y gesti\u00f3n de recursos. Los jugadores desarrollan sus civilizaciones desde la Antig\u00fcedad, a trav\u00e9s de la Edad Media, hasta los Tiempos Modernos. \u00bfC\u00f3mo ser\u00e1 tu civilizaci\u00f3n? \u00bfGuerrera? \u00bfAvanzada tecnol\u00f3gicamente? \u00bfReligiosa? \u00bfVersada en las Artes? Escoge un l\u00edder como Hamurabi, Napole\u00f3n o Gandhi. Construye las Pir\u00e1mides, la Gran Muralla o la Torre Eiffel. Tu civilizaci\u00f3n tomar\u00e1 la forma que t\u00fa decidas y cada partida ser\u00e1 diferente.<\/p>\n","protected":false},"excerpt":{"rendered":"<p>\u00bfTienes lo necesario para liderar a tu civilizaci\u00f3n a trav\u00e9s de las eras?<\/p>\n<p>Through the Ages es un emocionante juego de estrategia y gesti\u00f3n de recursos. Los jugadores desarrollan sus civilizaciones desde la Antig\u00fcedad, a trav\u00e9s de la Edad Media, hasta los Tiempos Modernos. \u00bfC\u00f3mo ser\u00e1 tu civilizaci\u00f3n? \u00bfGuerrera? \u00bfAvanzada tecnol\u00f3gicamente? \u00bfReligiosa? \u00bfVersada en las Artes? Escoge un l\u00edder como Hamurabi, Napole\u00f3n o Gandhi. Construye las Pir\u00e1mides, la Gran Muralla o la Torre Eiffel. Tu civilizaci\u00f3n tomar\u00e1 la forma que t\u00fa decidas y cada partida ser\u00e1 diferente.<\/p>\n","protected":false},"featured_media":1096,"comment_status":"open","ping_status":"closed","template":"","meta":{"_themeisle_gutenberg_block_has_review":false},"product_brand":[],"product_cat":[29,30],"product_tag":[73,72],"class_list":{"0":"post-1095","1":"product","2":"type-product","3":"status-publish","4":"has-post-thumbnail","6":"product_cat-juegos-de-mesa","7":"product_cat-devir","8":"product_tag-ages","9":"product_tag-through","11":"first","12":"outofstock","13":"shipping-taxable","14":"purchasable","15":"product-type-simple"},"_links":{"self":[{"href":"https:\/\/magicgamesbolivia.com\/index.php\/wp-json\/wp\/v2\/product\/1095","targetHints":{"allow":["GET"]}}],"collection":[{"href":"https:\/\/magicgamesbolivia.com\/index.php\/wp-json\/wp\/v2\/product"}],"about":[{"href":"https:\/\/magicgamesbolivia.com\/index.php\/wp-json\/wp\/v2\/types\/product"}],"replies":[{"embeddable":true,"href":"https:\/\/magicgamesbolivia.com\/index.php\/wp-json\/wp\/v2\/comments?post=1095"}],"version-history":[{"count":1,"href":"https:\/\/magicgamesbolivia.com\/index.php\/wp-json\/wp\/v2\/product\/1095\/revisions"}],"predecessor-version":[{"id":1098,"href":"https:\/\/magicgamesbolivia.com\/index.php\/wp-json\/wp\/v2\/product\/1095\/revisions\/1098"}],"wp:featuredmedia":[{"embeddable":true,"href":"https:\/\/magicgamesbolivia.com\/index.php\/wp-json\/wp\/v2\/media\/1096"}],"wp:attachment":[{"href":"https:\/\/magicgamesbolivia.com\/index.php\/wp-json\/wp\/v2\/media?parent=1095"}],"wp:term":[{"taxonomy":"product_brand","embeddable":true,"href":"https:\/\/magicgamesbolivia.com\/index.php\/wp-json\/wp\/v2\/product_brand?post=1095"},{"taxonomy":"product_cat","embeddable":true,"href":"https:\/\/magicgamesbolivia.com\/index.php\/wp-json\/wp\/v2\/product_cat?post=1095"},{"taxonomy":"product_tag","embeddable":true,"href":"https:\/\/magicgamesbolivia.com\/index.php\/wp-json\/wp\/v2\/product_tag?post=1095"}],"curies":[{"name":"wp","href":"https:\/\/api.w.org\/{rel}","templated":true}]}}