{"id":1092,"date":"2021-03-12T03:30:27","date_gmt":"2021-03-12T03:30:27","guid":{"rendered":"https:\/\/magicgamesbolivia.com\/?post_type=product&#038;p=1092"},"modified":"2026-01-03T20:29:01","modified_gmt":"2026-01-03T20:29:01","slug":"dominion-segunda-edicion","status":"publish","type":"product","link":"https:\/\/magicgamesbolivia.com\/index.php\/product\/dominion-segunda-edicion\/","title":{"rendered":"DOMINION  (Segunda Edici\u00f3n)"},"content":{"rendered":"<p>En Dominion (segunda edici\u00f3n) cada jugador posee un Reino (su mazo inicial) y unas inevitables ganas de aumentar sus recursos, objetivo que no es f\u00e1cil de alcanzar cuando hay tres o cuatro jugadores que tienen los mismos planes.<\/p>\n","protected":false},"excerpt":{"rendered":"<p>En Dominion (segunda edici\u00f3n) cada jugador posee un Reino (su mazo inicial) y unas inevitables ganas de aumentar sus recursos, objetivo que no es f\u00e1cil de alcanzar cuando hay tres o cuatro jugadores que tienen los mismos planes.<\/p>\n","protected":false},"featured_media":1093,"comment_status":"open","ping_status":"closed","template":"","meta":{"_themeisle_gutenberg_block_has_review":false},"product_brand":[],"product_cat":[29,30],"product_tag":[71],"class_list":{"0":"post-1092","1":"product","2":"type-product","3":"status-publish","4":"has-post-thumbnail","6":"product_cat-juegos-de-mesa","7":"product_cat-devir","8":"product_tag-dominion","10":"first","11":"outofstock","12":"shipping-taxable","13":"purchasable","14":"product-type-simple"},"_links":{"self":[{"href":"https:\/\/magicgamesbolivia.com\/index.php\/wp-json\/wp\/v2\/product\/1092","targetHints":{"allow":["GET"]}}],"collection":[{"href":"https:\/\/magicgamesbolivia.com\/index.php\/wp-json\/wp\/v2\/product"}],"about":[{"href":"https:\/\/magicgamesbolivia.com\/index.php\/wp-json\/wp\/v2\/types\/product"}],"replies":[{"embeddable":true,"href":"https:\/\/magicgamesbolivia.com\/index.php\/wp-json\/wp\/v2\/comments?post=1092"}],"version-history":[{"count":3,"href":"https:\/\/magicgamesbolivia.com\/index.php\/wp-json\/wp\/v2\/product\/1092\/revisions"}],"predecessor-version":[{"id":3684,"href":"https:\/\/magicgamesbolivia.com\/index.php\/wp-json\/wp\/v2\/product\/1092\/revisions\/3684"}],"wp:featuredmedia":[{"embeddable":true,"href":"https:\/\/magicgamesbolivia.com\/index.php\/wp-json\/wp\/v2\/media\/1093"}],"wp:attachment":[{"href":"https:\/\/magicgamesbolivia.com\/index.php\/wp-json\/wp\/v2\/media?parent=1092"}],"wp:term":[{"taxonomy":"product_brand","embeddable":true,"href":"https:\/\/magicgamesbolivia.com\/index.php\/wp-json\/wp\/v2\/product_brand?post=1092"},{"taxonomy":"product_cat","embeddable":true,"href":"https:\/\/magicgamesbolivia.com\/index.php\/wp-json\/wp\/v2\/product_cat?post=1092"},{"taxonomy":"product_tag","embeddable":true,"href":"https:\/\/magicgamesbolivia.com\/index.php\/wp-json\/wp\/v2\/product_tag?post=1092"}],"curies":[{"name":"wp","href":"https:\/\/api.w.org\/{rel}","templated":true}]}}