{"id":1084,"date":"2021-03-12T03:22:51","date_gmt":"2021-03-12T03:22:51","guid":{"rendered":"https:\/\/magicgamesbolivia.com\/?post_type=product&#038;p=1084"},"modified":"2021-08-16T15:29:23","modified_gmt":"2021-08-16T15:29:23","slug":"century-la-ruta-de-las-especias","status":"publish","type":"product","link":"https:\/\/magicgamesbolivia.com\/index.php\/product\/century-la-ruta-de-las-especias\/","title":{"rendered":"CENTURY \u2013 LA RUTA DE LAS ESPECIAS"},"content":{"rendered":"<p>Explora los mercados. Comercia y mejora tu oferta. \u00a1Vende y punt\u00faa!<br \/>\nDescubre las maravillas de la ruta de las especias y sus pintorescos mercados gracias a las\u00a0magn\u00edficas ilustraciones de la reconocida artista Fernanda Su\u00e1rez. Sum\u00e9rgete en un juego\u00a0de mec\u00e1nicas sencillas y claras, con un toque de \u00abconstrucci\u00f3n de mazos\u00bb que permite un\u00a0sinf\u00edn de estrategias.\u00a0<em>Century \u2013 La Ruta de las Especias<\/em>\u00a0es realmente un juego excepcional.<br \/>\n\u00a1JUGAR\u00c1S UNA VEZ, Y OTRA, Y OTRA\u2026!<\/p>\n<p>Un juego de Emerson Matsuuchi<\/p>\n","protected":false},"excerpt":{"rendered":"<p>Explora los mercados. Comercia y mejora tu oferta. \u00a1Vende y punt\u00faa!<\/p>\n","protected":false},"featured_media":1085,"comment_status":"open","ping_status":"closed","template":"","meta":{"_themeisle_gutenberg_block_has_review":false},"product_brand":[],"product_cat":[29,30],"product_tag":[69],"class_list":{"0":"post-1084","1":"product","2":"type-product","3":"status-publish","4":"has-post-thumbnail","6":"product_cat-juegos-de-mesa","7":"product_cat-devir","8":"product_tag-century","10":"first","11":"outofstock","12":"shipping-taxable","13":"purchasable","14":"product-type-simple"},"_links":{"self":[{"href":"https:\/\/magicgamesbolivia.com\/index.php\/wp-json\/wp\/v2\/product\/1084","targetHints":{"allow":["GET"]}}],"collection":[{"href":"https:\/\/magicgamesbolivia.com\/index.php\/wp-json\/wp\/v2\/product"}],"about":[{"href":"https:\/\/magicgamesbolivia.com\/index.php\/wp-json\/wp\/v2\/types\/product"}],"replies":[{"embeddable":true,"href":"https:\/\/magicgamesbolivia.com\/index.php\/wp-json\/wp\/v2\/comments?post=1084"}],"version-history":[{"count":1,"href":"https:\/\/magicgamesbolivia.com\/index.php\/wp-json\/wp\/v2\/product\/1084\/revisions"}],"predecessor-version":[{"id":1087,"href":"https:\/\/magicgamesbolivia.com\/index.php\/wp-json\/wp\/v2\/product\/1084\/revisions\/1087"}],"wp:featuredmedia":[{"embeddable":true,"href":"https:\/\/magicgamesbolivia.com\/index.php\/wp-json\/wp\/v2\/media\/1085"}],"wp:attachment":[{"href":"https:\/\/magicgamesbolivia.com\/index.php\/wp-json\/wp\/v2\/media?parent=1084"}],"wp:term":[{"taxonomy":"product_brand","embeddable":true,"href":"https:\/\/magicgamesbolivia.com\/index.php\/wp-json\/wp\/v2\/product_brand?post=1084"},{"taxonomy":"product_cat","embeddable":true,"href":"https:\/\/magicgamesbolivia.com\/index.php\/wp-json\/wp\/v2\/product_cat?post=1084"},{"taxonomy":"product_tag","embeddable":true,"href":"https:\/\/magicgamesbolivia.com\/index.php\/wp-json\/wp\/v2\/product_tag?post=1084"}],"curies":[{"name":"wp","href":"https:\/\/api.w.org\/{rel}","templated":true}]}}