{"id":1050,"date":"2021-03-10T23:23:47","date_gmt":"2021-03-10T23:23:47","guid":{"rendered":"https:\/\/magicgamesbolivia.com\/?post_type=product&#038;p=1050"},"modified":"2022-07-26T15:45:52","modified_gmt":"2022-07-26T15:45:52","slug":"bunny-kingdom-celestial","status":"publish","type":"product","link":"https:\/\/magicgamesbolivia.com\/index.php\/product\/bunny-kingdom-celestial\/","title":{"rendered":"Bunny Kingdom Celestial"},"content":{"rendered":"<p>Desde que el general Coneyette descubri\u00f3 una misteriosa Gran Nube desde su aeronave, el Nuevo Mundo ya no es el \u00fanico territorio misteriosos a la espera de ser conquistado. Ahora el rey Bunny ha ampliado tus misiones de exploraci\u00f3n.<br \/>\nRegresar cargado de maravillosos recursos puede ayudarte a obtener el codiciado t\u00edtulo de \u00abOrejotas\u00bb<\/p>\n<p>Pero eso no es todo\u2026 los conejos colonos repartidos por todo el Nuevo Mundo se est\u00e1n organiando en comarcas, y el comercio aha empezado a florecer\u2026<br \/>\n\u00a1Juega bien tus cartas y aprovecha la situaci\u00f3n\u00bb<\/p>\n<p>Bunny Kingdom: Celestial es una expansi\u00f3n que aumenta hasta cinco la cantidad de jugadores, agrega 50 nuevas cartas y un nuevo tablero para anexar al anterior.<\/p>\n","protected":false},"excerpt":{"rendered":"<p>Bunny Kingdom: Celestial es una expansi\u00f3n que aumenta hasta cinco la cantidad de jugadores, agrega 50 nuevas cartas y un nuevo tablero para anexar al anterior.<\/p>\n<p>&nbsp;<\/p>\n<p>&nbsp;<\/p>\n","protected":false},"featured_media":1051,"comment_status":"open","ping_status":"closed","template":"","meta":{"_themeisle_gutenberg_block_has_review":false},"product_brand":[],"product_cat":[29,30],"product_tag":[66,68,67],"class_list":{"0":"post-1050","1":"product","2":"type-product","3":"status-publish","4":"has-post-thumbnail","6":"product_cat-juegos-de-mesa","7":"product_cat-devir","8":"product_tag-bunny","9":"product_tag-celestial","10":"product_tag-kingdom","12":"first","13":"outofstock","14":"shipping-taxable","15":"purchasable","16":"product-type-simple"},"_links":{"self":[{"href":"https:\/\/magicgamesbolivia.com\/index.php\/wp-json\/wp\/v2\/product\/1050","targetHints":{"allow":["GET"]}}],"collection":[{"href":"https:\/\/magicgamesbolivia.com\/index.php\/wp-json\/wp\/v2\/product"}],"about":[{"href":"https:\/\/magicgamesbolivia.com\/index.php\/wp-json\/wp\/v2\/types\/product"}],"replies":[{"embeddable":true,"href":"https:\/\/magicgamesbolivia.com\/index.php\/wp-json\/wp\/v2\/comments?post=1050"}],"version-history":[{"count":2,"href":"https:\/\/magicgamesbolivia.com\/index.php\/wp-json\/wp\/v2\/product\/1050\/revisions"}],"predecessor-version":[{"id":2595,"href":"https:\/\/magicgamesbolivia.com\/index.php\/wp-json\/wp\/v2\/product\/1050\/revisions\/2595"}],"wp:featuredmedia":[{"embeddable":true,"href":"https:\/\/magicgamesbolivia.com\/index.php\/wp-json\/wp\/v2\/media\/1051"}],"wp:attachment":[{"href":"https:\/\/magicgamesbolivia.com\/index.php\/wp-json\/wp\/v2\/media?parent=1050"}],"wp:term":[{"taxonomy":"product_brand","embeddable":true,"href":"https:\/\/magicgamesbolivia.com\/index.php\/wp-json\/wp\/v2\/product_brand?post=1050"},{"taxonomy":"product_cat","embeddable":true,"href":"https:\/\/magicgamesbolivia.com\/index.php\/wp-json\/wp\/v2\/product_cat?post=1050"},{"taxonomy":"product_tag","embeddable":true,"href":"https:\/\/magicgamesbolivia.com\/index.php\/wp-json\/wp\/v2\/product_tag?post=1050"}],"curies":[{"name":"wp","href":"https:\/\/api.w.org\/{rel}","templated":true}]}}