{"id":1011,"date":"2021-03-10T18:29:24","date_gmt":"2021-03-10T18:29:24","guid":{"rendered":"https:\/\/magicgamesbolivia.com\/?post_type=product&#038;p=1011"},"modified":"2026-03-26T20:41:42","modified_gmt":"2026-03-26T20:41:42","slug":"isla-prohibida","status":"publish","type":"product","link":"https:\/\/magicgamesbolivia.com\/index.php\/product\/isla-prohibida\/","title":{"rendered":"ISLA PROHIBIDA"},"content":{"rendered":"<p>\u00ab\u00a1Atr\u00e9vete a descubrir la Isla Prohibida! \u00danete a un intr\u00e9pido grupo de aventureros en una misi\u00f3n para capturar los cuatro tesoros sagrados de este peligroso para\u00edso.\u00bb<\/p>\n<p>La Isla Prohibida es un emocionante juego colaborativo en el que los jugadores tratan de hacerse con los tesoros de una m\u00edtica isla misteriosa, antes de que las aguas la cubran por completo.<\/p>\n<p>Este juego, dise\u00f1ado por Matt Leacock, ha ganado ya varios premios internacionales 2011: Juego del A\u00f1o en Espa\u00f1a 2010: Mensa Select Winner 2010: BoardGameGeek Golden Geek<\/p>\n<p>&nbsp;<\/p>\n<p>Este juego dispone de 58 cartas y les corresponden fundas de 65x90mm<\/p>\n","protected":false},"excerpt":{"rendered":"<p>\u00ab\u00a1Atr\u00e9vete a descubrir la Isla Prohibida! \u00danete a un intr\u00e9pido grupo de aventureros en una misi\u00f3n para capturar los cuatro tesoros sagrados de este peligroso para\u00edso.\u00bb<br \/>\n<iframe src=\"https:\/\/www.youtube.com\/embed\/fMqce1nc_MQ\" width=\"560\" height=\"315\" frameborder=\"0\" allowfullscreen=\"allowfullscreen\"><\/iframe><\/p>\n","protected":false},"featured_media":1012,"comment_status":"open","ping_status":"closed","template":"","meta":{"_themeisle_gutenberg_block_has_review":false},"product_brand":[],"product_cat":[29,30],"product_tag":[54,55],"class_list":{"0":"post-1011","1":"product","2":"type-product","3":"status-publish","4":"has-post-thumbnail","6":"product_cat-juegos-de-mesa","7":"product_cat-devir","8":"product_tag-isla","9":"product_tag-prohibida","11":"first","12":"outofstock","13":"shipping-taxable","14":"purchasable","15":"product-type-simple"},"_links":{"self":[{"href":"https:\/\/magicgamesbolivia.com\/index.php\/wp-json\/wp\/v2\/product\/1011","targetHints":{"allow":["GET"]}}],"collection":[{"href":"https:\/\/magicgamesbolivia.com\/index.php\/wp-json\/wp\/v2\/product"}],"about":[{"href":"https:\/\/magicgamesbolivia.com\/index.php\/wp-json\/wp\/v2\/types\/product"}],"replies":[{"embeddable":true,"href":"https:\/\/magicgamesbolivia.com\/index.php\/wp-json\/wp\/v2\/comments?post=1011"}],"version-history":[{"count":2,"href":"https:\/\/magicgamesbolivia.com\/index.php\/wp-json\/wp\/v2\/product\/1011\/revisions"}],"predecessor-version":[{"id":3676,"href":"https:\/\/magicgamesbolivia.com\/index.php\/wp-json\/wp\/v2\/product\/1011\/revisions\/3676"}],"wp:featuredmedia":[{"embeddable":true,"href":"https:\/\/magicgamesbolivia.com\/index.php\/wp-json\/wp\/v2\/media\/1012"}],"wp:attachment":[{"href":"https:\/\/magicgamesbolivia.com\/index.php\/wp-json\/wp\/v2\/media?parent=1011"}],"wp:term":[{"taxonomy":"product_brand","embeddable":true,"href":"https:\/\/magicgamesbolivia.com\/index.php\/wp-json\/wp\/v2\/product_brand?post=1011"},{"taxonomy":"product_cat","embeddable":true,"href":"https:\/\/magicgamesbolivia.com\/index.php\/wp-json\/wp\/v2\/product_cat?post=1011"},{"taxonomy":"product_tag","embeddable":true,"href":"https:\/\/magicgamesbolivia.com\/index.php\/wp-json\/wp\/v2\/product_tag?post=1011"}],"curies":[{"name":"wp","href":"https:\/\/api.w.org\/{rel}","templated":true}]}}