{"id":1006,"date":"2021-03-10T18:13:59","date_gmt":"2021-03-10T18:13:59","guid":{"rendered":"https:\/\/magicgamesbolivia.com\/?post_type=product&#038;p=1006"},"modified":"2022-09-15T13:44:42","modified_gmt":"2022-09-15T13:44:42","slug":"orleans","status":"publish","type":"product","link":"https:\/\/magicgamesbolivia.com\/index.php\/product\/orleans\/","title":{"rendered":"ORLEANS"},"content":{"rendered":"<p>Orl\u00e9ans, Edad Media, tu deber es reunir a mercaderes, caballeros, monjes, etc. para obtener la supremac\u00eda a trav\u00e9s del comercio, la construcci\u00f3n y la ciencia en la Francia medieval.<\/p>\n<p>En la ciudad de Orl\u00e9ans y en el \u00e1rea del Loira, puedes realizar viajes de negocios a otras ciudades para adquirir mercanc\u00edas\u00a0 y construir puestos comerciales.<\/p>\n<p>Necesitar\u00e1s seguidores y sus habilidades para expandir tu dominio poni\u00e9ndolos a trabajar como comerciantes, constructores y cient\u00edficos. Los Caballeros ampl\u00edan tu radio de acci\u00f3n y aseguran tus expediciones mercantiles. Los Artesanos construyen puestos comerciales y herramientas para facilitar el trabajo.\u00a0Los Eruditos realiza\u0155an descubrimientos cient\u00edficos. y por \u00faltimo, pero no menos importante, no te olvides de los monasterios, ya que con los Monjes de tu lado es mucho menos probable que seas presa del destino.<\/p>\n<p>Orl\u00e9ans usa una original mec\u00e1nica de \u201cconstrucci\u00f3n de bolsa\u201d (bag-building) que permite m\u00faltiples caminos para conseguir la victoria. Todo un cl\u00e1sico moderno, n\u00famero 25 de la BGG, por fin en espa\u00f1ol.<\/p>\n<p>EDICI\u00d3N ESPECIAL CON LA AMPLIACI\u00d3N PARA EL 5\u00ba JUGADOR INCLUIDA<\/p>\n","protected":false},"excerpt":{"rendered":"<p>Orl\u00e9ans, Edad Media, tu deber es reunir a mercaderes, caballeros, monjes, etc. para obtener la supremac\u00eda a trav\u00e9s del comercio, la construcci\u00f3n y la ciencia en la Francia medieval.<\/p>\n<p>En la ciudad de Orl\u00e9ans y en el \u00e1rea del Loira, puedes realizar viajes de negocios a otras ciudades para adquirir mercanc\u00edas\u00a0 y construir puestos comerciales.<\/p>\n<h4 class=\"a-size-base-plus a-text-bold\">Acerca de este producto<\/h4>\n<ul class=\"a-unordered-list a-vertical a-spacing-mini\">\n<li><span class=\"a-list-item\">Organiza tu asistente de la mejor manera<\/span><\/li>\n<li><span class=\"a-list-item\">Juego de mesa de 2 a 4 jugadores<\/span><\/li>\n<li><span class=\"a-list-item\">Una mezcla original de estrategia y suerte<\/span><\/li>\n<li><span class=\"a-list-item\">Alta calidad<\/span><\/li>\n<\/ul>\n","protected":false},"featured_media":1007,"comment_status":"open","ping_status":"closed","template":"","meta":{"_themeisle_gutenberg_block_has_review":false},"product_brand":[],"product_cat":[29,30],"product_tag":[53],"class_list":{"0":"post-1006","1":"product","2":"type-product","3":"status-publish","4":"has-post-thumbnail","6":"product_cat-juegos-de-mesa","7":"product_cat-devir","8":"product_tag-orleans","10":"first","11":"outofstock","12":"shipping-taxable","13":"purchasable","14":"product-type-simple"},"_links":{"self":[{"href":"https:\/\/magicgamesbolivia.com\/index.php\/wp-json\/wp\/v2\/product\/1006","targetHints":{"allow":["GET"]}}],"collection":[{"href":"https:\/\/magicgamesbolivia.com\/index.php\/wp-json\/wp\/v2\/product"}],"about":[{"href":"https:\/\/magicgamesbolivia.com\/index.php\/wp-json\/wp\/v2\/types\/product"}],"replies":[{"embeddable":true,"href":"https:\/\/magicgamesbolivia.com\/index.php\/wp-json\/wp\/v2\/comments?post=1006"}],"version-history":[{"count":1,"href":"https:\/\/magicgamesbolivia.com\/index.php\/wp-json\/wp\/v2\/product\/1006\/revisions"}],"predecessor-version":[{"id":1010,"href":"https:\/\/magicgamesbolivia.com\/index.php\/wp-json\/wp\/v2\/product\/1006\/revisions\/1010"}],"wp:featuredmedia":[{"embeddable":true,"href":"https:\/\/magicgamesbolivia.com\/index.php\/wp-json\/wp\/v2\/media\/1007"}],"wp:attachment":[{"href":"https:\/\/magicgamesbolivia.com\/index.php\/wp-json\/wp\/v2\/media?parent=1006"}],"wp:term":[{"taxonomy":"product_brand","embeddable":true,"href":"https:\/\/magicgamesbolivia.com\/index.php\/wp-json\/wp\/v2\/product_brand?post=1006"},{"taxonomy":"product_cat","embeddable":true,"href":"https:\/\/magicgamesbolivia.com\/index.php\/wp-json\/wp\/v2\/product_cat?post=1006"},{"taxonomy":"product_tag","embeddable":true,"href":"https:\/\/magicgamesbolivia.com\/index.php\/wp-json\/wp\/v2\/product_tag?post=1006"}],"curies":[{"name":"wp","href":"https:\/\/api.w.org\/{rel}","templated":true}]}}