{"id":1001,"date":"2021-03-10T18:02:31","date_gmt":"2021-03-10T18:02:31","guid":{"rendered":"https:\/\/magicgamesbolivia.com\/?post_type=product&#038;p=1001"},"modified":"2026-01-19T13:47:53","modified_gmt":"2026-01-19T13:47:53","slug":"sagrada","status":"publish","type":"product","link":"https:\/\/magicgamesbolivia.com\/index.php\/product\/sagrada\/","title":{"rendered":"SAGRADA"},"content":{"rendered":"<p>Como experto artesano, tienes en mente realizar una obra de arte con tu pr\u00f3xima vidriera, que ser\u00e1 colocada en la Sagrada Familia. Los jugadores alternar\u00e1n turnos escogiendo piezas de cristal, representadas mediante dados. Tendr\u00e1n que escoger cuidadosamente, ya que las vidrieras tienen colores y opacidades \u00fanicas, de forma que un dado nunca podr\u00e1 colocarse adyacente a otro que comparta alguna de estas caracter\u00edsticas. Dispondr\u00e1s de herramientas que te ayudar\u00e1n a lograr completar esta importante tarea. Aumenta tu prestigio adaptando la obra a los deseos de los admiradores, pero siempre manteniendo un estilo propio mientras completas tu pr\u00f3xima obra maestra del vidrio.<\/p>\n","protected":false},"excerpt":{"rendered":"<p>Como experto artesano, tienes en mente realizar una obra de arte con tu pr\u00f3xima vidriera, que ser\u00e1 colocada en la Sagrada Familia.<\/p>\n<h4 class=\"a-size-base-plus a-text-bold\">Acerca de este producto<\/h4>\n<ul class=\"a-unordered-list a-vertical a-spacing-mini\">\n<li><span class=\"a-list-item\">Devir iberia, sagrada devir<\/span><\/li>\n<li><span class=\"a-list-item\">Devir iberia, 226546<\/span><\/li>\n<li><span class=\"a-list-item\">Producto de calidad<\/span><\/li>\n<\/ul>\n","protected":false},"featured_media":1002,"comment_status":"open","ping_status":"closed","template":"","meta":{"_themeisle_gutenberg_block_has_review":false},"product_brand":[],"product_cat":[29,30],"product_tag":[52],"class_list":{"0":"post-1001","1":"product","2":"type-product","3":"status-publish","4":"has-post-thumbnail","6":"product_cat-juegos-de-mesa","7":"product_cat-devir","8":"product_tag-sagrada","10":"first","11":"instock","12":"shipping-taxable","13":"purchasable","14":"product-type-simple"},"_links":{"self":[{"href":"https:\/\/magicgamesbolivia.com\/index.php\/wp-json\/wp\/v2\/product\/1001","targetHints":{"allow":["GET"]}}],"collection":[{"href":"https:\/\/magicgamesbolivia.com\/index.php\/wp-json\/wp\/v2\/product"}],"about":[{"href":"https:\/\/magicgamesbolivia.com\/index.php\/wp-json\/wp\/v2\/types\/product"}],"replies":[{"embeddable":true,"href":"https:\/\/magicgamesbolivia.com\/index.php\/wp-json\/wp\/v2\/comments?post=1001"}],"version-history":[{"count":2,"href":"https:\/\/magicgamesbolivia.com\/index.php\/wp-json\/wp\/v2\/product\/1001\/revisions"}],"predecessor-version":[{"id":2037,"href":"https:\/\/magicgamesbolivia.com\/index.php\/wp-json\/wp\/v2\/product\/1001\/revisions\/2037"}],"wp:featuredmedia":[{"embeddable":true,"href":"https:\/\/magicgamesbolivia.com\/index.php\/wp-json\/wp\/v2\/media\/1002"}],"wp:attachment":[{"href":"https:\/\/magicgamesbolivia.com\/index.php\/wp-json\/wp\/v2\/media?parent=1001"}],"wp:term":[{"taxonomy":"product_brand","embeddable":true,"href":"https:\/\/magicgamesbolivia.com\/index.php\/wp-json\/wp\/v2\/product_brand?post=1001"},{"taxonomy":"product_cat","embeddable":true,"href":"https:\/\/magicgamesbolivia.com\/index.php\/wp-json\/wp\/v2\/product_cat?post=1001"},{"taxonomy":"product_tag","embeddable":true,"href":"https:\/\/magicgamesbolivia.com\/index.php\/wp-json\/wp\/v2\/product_tag?post=1001"}],"curies":[{"name":"wp","href":"https:\/\/api.w.org\/{rel}","templated":true}]}}